{"id":805,"date":"2018-12-20T16:43:03","date_gmt":"2018-12-20T15:43:03","guid":{"rendered":"https:\/\/hotelfloridiana.it\/garage\/"},"modified":"2019-01-17T20:40:56","modified_gmt":"2019-01-17T19:40:56","slug":"garage","status":"publish","type":"page","link":"https:\/\/www.hotelfloridiana.it\/de\/garage\/","title":{"rendered":"Garage"},"content":{"rendered":"<p>F\u00fcr diejenigen, die Amalfi mit dem Auto erreichen m\u00f6chten, bieten wir einen kostenlosen Garagen-Service in unserer Garage an.<\/p>\n<p>Die Garage ist nicht bewacht, aber mit einem Video\u00fcberwachungssystem ausgestattet.<\/p>\n<p>Wenn Sie in Piazza Duomo ankommen, finden Sie eine Ampel, fahren Sie immer geradeaus (achten Sie darauf, da die Ampel normalerweise rot ist) weiterfahren der Stra\u00dfe f\u00fcr ca. 200 Meter. Auf der rechten Seite finden Sie gro\u00dfe gr\u00fcne Toren mit einem Schild &#8222;Garage Hotel Floridiana&#8220;.<\/p>\n<p>Weitere Informationen zum Stra\u00dfennetz und zur Anreise zum Hotel finden Sie im Abschnitt <a href=\"https:\/\/www.hotelfloridiana.it\/de\/wo-wir-sind\/\">Wo wir sind<\/a><\/p>\n<div id='gallery-1' class='gallery galleryid-805 gallery-columns-1 gallery-size-large'><figure class='gallery-item'>\n\t\t\t<div class='gallery-icon landscape'>\n\t\t\t\t<a href='https:\/\/www.hotelfloridiana.it\/wp-content\/uploads\/2018\/11\/floridiana-garage.jpg' data-lightbox=\"gal[805]\"><img fetchpriority=\"high\" decoding=\"async\" width=\"850\" height=\"566\" src=\"https:\/\/www.hotelfloridiana.it\/wp-content\/uploads\/2018\/11\/floridiana-garage-1024x682.jpg\" class=\"attachment-large size-large\" alt=\"\" srcset=\"https:\/\/www.hotelfloridiana.it\/wp-content\/uploads\/2018\/11\/floridiana-garage-1024x682.jpg 1024w, https:\/\/www.hotelfloridiana.it\/wp-content\/uploads\/2018\/11\/floridiana-garage-300x200.jpg 300w, https:\/\/www.hotelfloridiana.it\/wp-content\/uploads\/2018\/11\/floridiana-garage-768x511.jpg 768w, https:\/\/www.hotelfloridiana.it\/wp-content\/uploads\/2018\/11\/floridiana-garage-850x567.jpg 850w, https:\/\/www.hotelfloridiana.it\/wp-content\/uploads\/2018\/11\/floridiana-garage-555x369.jpg 555w, https:\/\/www.hotelfloridiana.it\/wp-content\/uploads\/2018\/11\/floridiana-garage.jpg 1920w\" sizes=\"(max-width: 850px) 100vw, 850px\" \/><\/a>\n\t\t\t<\/div><\/figure>\n\t\t<\/div>\n\n","protected":false},"excerpt":{"rendered":"<p>F\u00fcr diejenigen, die Amalfi mit dem Auto erreichen m\u00f6chten, bieten wir einen kostenlosen Garagen-Service in unserer Garage an. Die Garage ist nicht bewacht, aber mit einem Video\u00fcberwachungssystem ausgestattet. Wenn Sie in Piazza Duomo ankommen, finden Sie eine Ampel, fahren Sie immer geradeaus (achten Sie darauf, da die Ampel normalerweise rot ist) weiterfahren der Stra\u00dfe f\u00fcr [&hellip;]<\/p>\n","protected":false},"author":1,"featured_media":0,"parent":0,"menu_order":0,"comment_status":"closed","ping_status":"closed","template":"","meta":{"footnotes":""},"yoast_head":"<!-- This site is optimized with the Yoast SEO plugin v23.5 - https:\/\/yoast.com\/wordpress\/plugins\/seo\/ -->\n<title>Garage - Hotel Floridiana Amalfi<\/title>\n<meta name=\"robots\" content=\"index, follow, max-snippet:-1, max-image-preview:large, max-video-preview:-1\" \/>\n<link rel=\"canonical\" href=\"https:\/\/www.hotelfloridiana.it\/de\/garage\/\" \/>\n<meta property=\"og:locale\" content=\"de_DE\" \/>\n<meta property=\"og:type\" content=\"article\" \/>\n<meta property=\"og:title\" content=\"Garage - Hotel Floridiana Amalfi\" \/>\n<meta property=\"og:description\" content=\"F\u00fcr diejenigen, die Amalfi mit dem Auto erreichen m\u00f6chten, bieten wir einen kostenlosen Garagen-Service in unserer Garage an. Die Garage ist nicht bewacht, aber mit einem Video\u00fcberwachungssystem ausgestattet. Wenn Sie in Piazza Duomo ankommen, finden Sie eine Ampel, fahren Sie immer geradeaus (achten Sie darauf, da die Ampel normalerweise rot ist) weiterfahren der Stra\u00dfe f\u00fcr [&hellip;]\" \/>\n<meta property=\"og:url\" content=\"https:\/\/www.hotelfloridiana.it\/de\/garage\/\" \/>\n<meta property=\"og:site_name\" content=\"Hotel Floridiana Amalfi\" \/>\n<meta property=\"article:modified_time\" content=\"2019-01-17T19:40:56+00:00\" \/>\n<meta property=\"og:image\" content=\"https:\/\/www.hotelfloridiana.it\/wp-content\/uploads\/2018\/11\/floridiana-garage-1024x682.jpg\" \/>\n<meta name=\"twitter:card\" content=\"summary_large_image\" \/>\n<meta name=\"twitter:label1\" content=\"Gesch\u00e4tzte Lesezeit\" \/>\n\t<meta name=\"twitter:data1\" content=\"1\u00a0Minute\" \/>\n<script type=\"application\/ld+json\" class=\"yoast-schema-graph\">{\"@context\":\"https:\/\/schema.org\",\"@graph\":[{\"@type\":\"WebPage\",\"@id\":\"https:\/\/www.hotelfloridiana.it\/de\/garage\/\",\"url\":\"https:\/\/www.hotelfloridiana.it\/de\/garage\/\",\"name\":\"Garage - Hotel Floridiana Amalfi\",\"isPartOf\":{\"@id\":\"https:\/\/www.hotelfloridiana.it\/de\/#website\"},\"datePublished\":\"2018-12-20T15:43:03+00:00\",\"dateModified\":\"2019-01-17T19:40:56+00:00\",\"breadcrumb\":{\"@id\":\"https:\/\/www.hotelfloridiana.it\/de\/garage\/#breadcrumb\"},\"inLanguage\":\"de\",\"potentialAction\":[{\"@type\":\"ReadAction\",\"target\":[\"https:\/\/www.hotelfloridiana.it\/de\/garage\/\"]}]},{\"@type\":\"BreadcrumbList\",\"@id\":\"https:\/\/www.hotelfloridiana.it\/de\/garage\/#breadcrumb\",\"itemListElement\":[{\"@type\":\"ListItem\",\"position\":1,\"name\":\"Home\",\"item\":\"https:\/\/www.hotelfloridiana.it\/de\/\"},{\"@type\":\"ListItem\",\"position\":2,\"name\":\"Garage\"}]},{\"@type\":\"WebSite\",\"@id\":\"https:\/\/www.hotelfloridiana.it\/de\/#website\",\"url\":\"https:\/\/www.hotelfloridiana.it\/de\/\",\"name\":\"Hotel Floridiana Amalfi\",\"description\":\"Your Hotel in Amalfi\",\"publisher\":{\"@id\":\"https:\/\/www.hotelfloridiana.it\/de\/#organization\"},\"potentialAction\":[{\"@type\":\"SearchAction\",\"target\":{\"@type\":\"EntryPoint\",\"urlTemplate\":\"https:\/\/www.hotelfloridiana.it\/de\/?s={search_term_string}\"},\"query-input\":{\"@type\":\"PropertyValueSpecification\",\"valueRequired\":true,\"valueName\":\"search_term_string\"}}],\"inLanguage\":\"de\"},{\"@type\":\"Organization\",\"@id\":\"https:\/\/www.hotelfloridiana.it\/de\/#organization\",\"name\":\"Hotel Floridiana Amalfi\",\"url\":\"https:\/\/www.hotelfloridiana.it\/de\/\",\"logo\":{\"@type\":\"ImageObject\",\"inLanguage\":\"de\",\"@id\":\"https:\/\/www.hotelfloridiana.it\/de\/#\/schema\/logo\/image\/\",\"url\":\"https:\/\/www.hotelfloridiana.it\/wp-content\/uploads\/2018\/10\/hotel-floridiana-amalfi.png\",\"contentUrl\":\"https:\/\/www.hotelfloridiana.it\/wp-content\/uploads\/2018\/10\/hotel-floridiana-amalfi.png\",\"width\":640,\"height\":190,\"caption\":\"Hotel Floridiana Amalfi\"},\"image\":{\"@id\":\"https:\/\/www.hotelfloridiana.it\/de\/#\/schema\/logo\/image\/\"}}]}<\/script>\n<!-- \/ Yoast SEO plugin. -->","yoast_head_json":{"title":"Garage - Hotel Floridiana Amalfi","robots":{"index":"index","follow":"follow","max-snippet":"max-snippet:-1","max-image-preview":"max-image-preview:large","max-video-preview":"max-video-preview:-1"},"canonical":"https:\/\/www.hotelfloridiana.it\/de\/garage\/","og_locale":"de_DE","og_type":"article","og_title":"Garage - Hotel Floridiana Amalfi","og_description":"F\u00fcr diejenigen, die Amalfi mit dem Auto erreichen m\u00f6chten, bieten wir einen kostenlosen Garagen-Service in unserer Garage an. Die Garage ist nicht bewacht, aber mit einem Video\u00fcberwachungssystem ausgestattet. Wenn Sie in Piazza Duomo ankommen, finden Sie eine Ampel, fahren Sie immer geradeaus (achten Sie darauf, da die Ampel normalerweise rot ist) weiterfahren der Stra\u00dfe f\u00fcr [&hellip;]","og_url":"https:\/\/www.hotelfloridiana.it\/de\/garage\/","og_site_name":"Hotel Floridiana Amalfi","article_modified_time":"2019-01-17T19:40:56+00:00","og_image":[{"url":"https:\/\/www.hotelfloridiana.it\/wp-content\/uploads\/2018\/11\/floridiana-garage-1024x682.jpg"}],"twitter_card":"summary_large_image","twitter_misc":{"Gesch\u00e4tzte Lesezeit":"1\u00a0Minute"},"schema":{"@context":"https:\/\/schema.org","@graph":[{"@type":"WebPage","@id":"https:\/\/www.hotelfloridiana.it\/de\/garage\/","url":"https:\/\/www.hotelfloridiana.it\/de\/garage\/","name":"Garage - Hotel Floridiana Amalfi","isPartOf":{"@id":"https:\/\/www.hotelfloridiana.it\/de\/#website"},"datePublished":"2018-12-20T15:43:03+00:00","dateModified":"2019-01-17T19:40:56+00:00","breadcrumb":{"@id":"https:\/\/www.hotelfloridiana.it\/de\/garage\/#breadcrumb"},"inLanguage":"de","potentialAction":[{"@type":"ReadAction","target":["https:\/\/www.hotelfloridiana.it\/de\/garage\/"]}]},{"@type":"BreadcrumbList","@id":"https:\/\/www.hotelfloridiana.it\/de\/garage\/#breadcrumb","itemListElement":[{"@type":"ListItem","position":1,"name":"Home","item":"https:\/\/www.hotelfloridiana.it\/de\/"},{"@type":"ListItem","position":2,"name":"Garage"}]},{"@type":"WebSite","@id":"https:\/\/www.hotelfloridiana.it\/de\/#website","url":"https:\/\/www.hotelfloridiana.it\/de\/","name":"Hotel Floridiana Amalfi","description":"Your Hotel in Amalfi","publisher":{"@id":"https:\/\/www.hotelfloridiana.it\/de\/#organization"},"potentialAction":[{"@type":"SearchAction","target":{"@type":"EntryPoint","urlTemplate":"https:\/\/www.hotelfloridiana.it\/de\/?s={search_term_string}"},"query-input":{"@type":"PropertyValueSpecification","valueRequired":true,"valueName":"search_term_string"}}],"inLanguage":"de"},{"@type":"Organization","@id":"https:\/\/www.hotelfloridiana.it\/de\/#organization","name":"Hotel Floridiana Amalfi","url":"https:\/\/www.hotelfloridiana.it\/de\/","logo":{"@type":"ImageObject","inLanguage":"de","@id":"https:\/\/www.hotelfloridiana.it\/de\/#\/schema\/logo\/image\/","url":"https:\/\/www.hotelfloridiana.it\/wp-content\/uploads\/2018\/10\/hotel-floridiana-amalfi.png","contentUrl":"https:\/\/www.hotelfloridiana.it\/wp-content\/uploads\/2018\/10\/hotel-floridiana-amalfi.png","width":640,"height":190,"caption":"Hotel Floridiana Amalfi"},"image":{"@id":"https:\/\/www.hotelfloridiana.it\/de\/#\/schema\/logo\/image\/"}}]}},"_links":{"self":[{"href":"https:\/\/www.hotelfloridiana.it\/de\/wp-json\/wp\/v2\/pages\/805"}],"collection":[{"href":"https:\/\/www.hotelfloridiana.it\/de\/wp-json\/wp\/v2\/pages"}],"about":[{"href":"https:\/\/www.hotelfloridiana.it\/de\/wp-json\/wp\/v2\/types\/page"}],"author":[{"embeddable":true,"href":"https:\/\/www.hotelfloridiana.it\/de\/wp-json\/wp\/v2\/users\/1"}],"replies":[{"embeddable":true,"href":"https:\/\/www.hotelfloridiana.it\/de\/wp-json\/wp\/v2\/comments?post=805"}],"version-history":[{"count":3,"href":"https:\/\/www.hotelfloridiana.it\/de\/wp-json\/wp\/v2\/pages\/805\/revisions"}],"predecessor-version":[{"id":874,"href":"https:\/\/www.hotelfloridiana.it\/de\/wp-json\/wp\/v2\/pages\/805\/revisions\/874"}],"wp:attachment":[{"href":"https:\/\/www.hotelfloridiana.it\/de\/wp-json\/wp\/v2\/media?parent=805"}],"curies":[{"name":"wp","href":"https:\/\/api.w.org\/{rel}","templated":true}]}}