{"id":783,"date":"2018-12-20T14:22:58","date_gmt":"2018-12-20T13:22:58","guid":{"rendered":"https:\/\/hotelfloridiana.it\/fruhstuck\/"},"modified":"2019-01-17T20:46:48","modified_gmt":"2019-01-17T19:46:48","slug":"fruhstuck","status":"publish","type":"page","link":"https:\/\/www.hotelfloridiana.it\/de\/fruhstuck\/","title":{"rendered":"Fr\u00fchst\u00fcck"},"content":{"rendered":"<p>Im Hotel Floridiana ist das Fr\u00fchst\u00fcck der sch\u00f6nste und wichtigste Moment des Tages.<\/p>\n<p>Unser kontinentales Buffet bietet Ihnen eine verlockende Auswahl an s\u00fc\u00dfen und herzhaften Produkten mit unseren typischen Produkte wie Mozzarella. Dann auch hei\u00dfe und kalte Getr\u00e4nke, Fruchts\u00e4fte f\u00fcr jeden Geschmack und Bedarf.<\/p>\n<div id='gallery-1' class='gallery galleryid-783 gallery-columns-4 gallery-size-medium'><figure class='gallery-item'>\n\t\t\t<div class='gallery-icon landscape'>\n\t\t\t\t<a href='https:\/\/www.hotelfloridiana.it\/de\/fruhstuck\/breakfast-01-2\/'><img fetchpriority=\"high\" decoding=\"async\" width=\"300\" height=\"200\" src=\"https:\/\/www.hotelfloridiana.it\/wp-content\/uploads\/2018\/12\/breakfast-01-300x200.jpg\" class=\"attachment-medium size-medium\" alt=\"\" srcset=\"https:\/\/www.hotelfloridiana.it\/wp-content\/uploads\/2018\/12\/breakfast-01-300x200.jpg 300w, https:\/\/www.hotelfloridiana.it\/wp-content\/uploads\/2018\/12\/breakfast-01-768x511.jpg 768w, https:\/\/www.hotelfloridiana.it\/wp-content\/uploads\/2018\/12\/breakfast-01-1024x682.jpg 1024w, https:\/\/www.hotelfloridiana.it\/wp-content\/uploads\/2018\/12\/breakfast-01-850x567.jpg 850w, https:\/\/www.hotelfloridiana.it\/wp-content\/uploads\/2018\/12\/breakfast-01-555x369.jpg 555w, https:\/\/www.hotelfloridiana.it\/wp-content\/uploads\/2018\/12\/breakfast-01.jpg 1920w\" sizes=\"(max-width: 300px) 100vw, 300px\" \/><\/a>\n\t\t\t<\/div><\/figure><figure class='gallery-item'>\n\t\t\t<div class='gallery-icon landscape'>\n\t\t\t\t<a href='https:\/\/www.hotelfloridiana.it\/de\/fruhstuck\/breakfast-02-2\/'><img decoding=\"async\" width=\"300\" height=\"200\" src=\"https:\/\/www.hotelfloridiana.it\/wp-content\/uploads\/2018\/12\/breakfast-02-300x200.jpg\" class=\"attachment-medium size-medium\" alt=\"\" srcset=\"https:\/\/www.hotelfloridiana.it\/wp-content\/uploads\/2018\/12\/breakfast-02-300x200.jpg 300w, https:\/\/www.hotelfloridiana.it\/wp-content\/uploads\/2018\/12\/breakfast-02-768x511.jpg 768w, https:\/\/www.hotelfloridiana.it\/wp-content\/uploads\/2018\/12\/breakfast-02-1024x682.jpg 1024w, https:\/\/www.hotelfloridiana.it\/wp-content\/uploads\/2018\/12\/breakfast-02-850x567.jpg 850w, https:\/\/www.hotelfloridiana.it\/wp-content\/uploads\/2018\/12\/breakfast-02-555x369.jpg 555w, https:\/\/www.hotelfloridiana.it\/wp-content\/uploads\/2018\/12\/breakfast-02.jpg 1920w\" sizes=\"(max-width: 300px) 100vw, 300px\" \/><\/a>\n\t\t\t<\/div><\/figure><figure class='gallery-item'>\n\t\t\t<div class='gallery-icon landscape'>\n\t\t\t\t<a href='https:\/\/www.hotelfloridiana.it\/de\/fruhstuck\/breakfast-03-2\/'><img decoding=\"async\" width=\"300\" height=\"200\" src=\"https:\/\/www.hotelfloridiana.it\/wp-content\/uploads\/2018\/12\/breakfast-03-300x200.jpg\" class=\"attachment-medium size-medium\" alt=\"\" srcset=\"https:\/\/www.hotelfloridiana.it\/wp-content\/uploads\/2018\/12\/breakfast-03-300x200.jpg 300w, https:\/\/www.hotelfloridiana.it\/wp-content\/uploads\/2018\/12\/breakfast-03-768x511.jpg 768w, https:\/\/www.hotelfloridiana.it\/wp-content\/uploads\/2018\/12\/breakfast-03-1024x682.jpg 1024w, https:\/\/www.hotelfloridiana.it\/wp-content\/uploads\/2018\/12\/breakfast-03-850x567.jpg 850w, https:\/\/www.hotelfloridiana.it\/wp-content\/uploads\/2018\/12\/breakfast-03-555x369.jpg 555w, https:\/\/www.hotelfloridiana.it\/wp-content\/uploads\/2018\/12\/breakfast-03.jpg 1920w\" sizes=\"(max-width: 300px) 100vw, 300px\" \/><\/a>\n\t\t\t<\/div><\/figure><figure class='gallery-item'>\n\t\t\t<div class='gallery-icon landscape'>\n\t\t\t\t<a href='https:\/\/www.hotelfloridiana.it\/de\/fruhstuck\/breakfast-04-2\/'><img loading=\"lazy\" decoding=\"async\" width=\"300\" height=\"200\" src=\"https:\/\/www.hotelfloridiana.it\/wp-content\/uploads\/2018\/12\/breakfast-04-300x200.jpg\" class=\"attachment-medium size-medium\" alt=\"\" srcset=\"https:\/\/www.hotelfloridiana.it\/wp-content\/uploads\/2018\/12\/breakfast-04-300x200.jpg 300w, https:\/\/www.hotelfloridiana.it\/wp-content\/uploads\/2018\/12\/breakfast-04-768x511.jpg 768w, https:\/\/www.hotelfloridiana.it\/wp-content\/uploads\/2018\/12\/breakfast-04-1024x682.jpg 1024w, https:\/\/www.hotelfloridiana.it\/wp-content\/uploads\/2018\/12\/breakfast-04-850x567.jpg 850w, https:\/\/www.hotelfloridiana.it\/wp-content\/uploads\/2018\/12\/breakfast-04-555x369.jpg 555w, https:\/\/www.hotelfloridiana.it\/wp-content\/uploads\/2018\/12\/breakfast-04.jpg 1920w\" sizes=\"(max-width: 300px) 100vw, 300px\" \/><\/a>\n\t\t\t<\/div><\/figure><figure class='gallery-item'>\n\t\t\t<div class='gallery-icon landscape'>\n\t\t\t\t<a href='https:\/\/www.hotelfloridiana.it\/de\/fruhstuck\/breakfast-05-2\/'><img loading=\"lazy\" decoding=\"async\" width=\"300\" height=\"200\" src=\"https:\/\/www.hotelfloridiana.it\/wp-content\/uploads\/2018\/12\/breakfast-05-300x200.jpg\" class=\"attachment-medium size-medium\" alt=\"\" srcset=\"https:\/\/www.hotelfloridiana.it\/wp-content\/uploads\/2018\/12\/breakfast-05-300x200.jpg 300w, https:\/\/www.hotelfloridiana.it\/wp-content\/uploads\/2018\/12\/breakfast-05-768x511.jpg 768w, https:\/\/www.hotelfloridiana.it\/wp-content\/uploads\/2018\/12\/breakfast-05-1024x682.jpg 1024w, https:\/\/www.hotelfloridiana.it\/wp-content\/uploads\/2018\/12\/breakfast-05-850x567.jpg 850w, https:\/\/www.hotelfloridiana.it\/wp-content\/uploads\/2018\/12\/breakfast-05-555x369.jpg 555w, https:\/\/www.hotelfloridiana.it\/wp-content\/uploads\/2018\/12\/breakfast-05.jpg 1920w\" sizes=\"(max-width: 300px) 100vw, 300px\" \/><\/a>\n\t\t\t<\/div><\/figure><figure class='gallery-item'>\n\t\t\t<div class='gallery-icon landscape'>\n\t\t\t\t<a href='https:\/\/www.hotelfloridiana.it\/de\/fruhstuck\/breakfast-06-2\/'><img loading=\"lazy\" decoding=\"async\" width=\"300\" height=\"200\" src=\"https:\/\/www.hotelfloridiana.it\/wp-content\/uploads\/2018\/12\/breakfast-06-300x200.jpg\" class=\"attachment-medium size-medium\" alt=\"\" srcset=\"https:\/\/www.hotelfloridiana.it\/wp-content\/uploads\/2018\/12\/breakfast-06-300x200.jpg 300w, https:\/\/www.hotelfloridiana.it\/wp-content\/uploads\/2018\/12\/breakfast-06-768x511.jpg 768w, https:\/\/www.hotelfloridiana.it\/wp-content\/uploads\/2018\/12\/breakfast-06-1024x682.jpg 1024w, https:\/\/www.hotelfloridiana.it\/wp-content\/uploads\/2018\/12\/breakfast-06-850x567.jpg 850w, https:\/\/www.hotelfloridiana.it\/wp-content\/uploads\/2018\/12\/breakfast-06-555x369.jpg 555w, https:\/\/www.hotelfloridiana.it\/wp-content\/uploads\/2018\/12\/breakfast-06.jpg 1920w\" sizes=\"(max-width: 300px) 100vw, 300px\" \/><\/a>\n\t\t\t<\/div><\/figure><figure class='gallery-item'>\n\t\t\t<div class='gallery-icon landscape'>\n\t\t\t\t<a href='https:\/\/www.hotelfloridiana.it\/de\/fruhstuck\/breakfast-07-2\/'><img loading=\"lazy\" decoding=\"async\" width=\"300\" height=\"200\" src=\"https:\/\/www.hotelfloridiana.it\/wp-content\/uploads\/2018\/12\/breakfast-07-300x200.jpg\" class=\"attachment-medium size-medium\" alt=\"\" srcset=\"https:\/\/www.hotelfloridiana.it\/wp-content\/uploads\/2018\/12\/breakfast-07-300x200.jpg 300w, https:\/\/www.hotelfloridiana.it\/wp-content\/uploads\/2018\/12\/breakfast-07-768x511.jpg 768w, https:\/\/www.hotelfloridiana.it\/wp-content\/uploads\/2018\/12\/breakfast-07-1024x682.jpg 1024w, https:\/\/www.hotelfloridiana.it\/wp-content\/uploads\/2018\/12\/breakfast-07-850x567.jpg 850w, https:\/\/www.hotelfloridiana.it\/wp-content\/uploads\/2018\/12\/breakfast-07-555x369.jpg 555w, https:\/\/www.hotelfloridiana.it\/wp-content\/uploads\/2018\/12\/breakfast-07.jpg 1920w\" sizes=\"(max-width: 300px) 100vw, 300px\" \/><\/a>\n\t\t\t<\/div><\/figure><figure class='gallery-item'>\n\t\t\t<div class='gallery-icon landscape'>\n\t\t\t\t<a href='https:\/\/www.hotelfloridiana.it\/de\/fruhstuck\/breakfast-08-2\/'><img loading=\"lazy\" decoding=\"async\" width=\"300\" height=\"200\" src=\"https:\/\/www.hotelfloridiana.it\/wp-content\/uploads\/2018\/12\/breakfast-08-300x200.jpg\" class=\"attachment-medium size-medium\" alt=\"\" srcset=\"https:\/\/www.hotelfloridiana.it\/wp-content\/uploads\/2018\/12\/breakfast-08-300x200.jpg 300w, https:\/\/www.hotelfloridiana.it\/wp-content\/uploads\/2018\/12\/breakfast-08-768x511.jpg 768w, https:\/\/www.hotelfloridiana.it\/wp-content\/uploads\/2018\/12\/breakfast-08-1024x682.jpg 1024w, https:\/\/www.hotelfloridiana.it\/wp-content\/uploads\/2018\/12\/breakfast-08-850x567.jpg 850w, https:\/\/www.hotelfloridiana.it\/wp-content\/uploads\/2018\/12\/breakfast-08-555x369.jpg 555w, https:\/\/www.hotelfloridiana.it\/wp-content\/uploads\/2018\/12\/breakfast-08.jpg 1920w\" sizes=\"(max-width: 300px) 100vw, 300px\" \/><\/a>\n\t\t\t<\/div><\/figure><figure class='gallery-item'>\n\t\t\t<div class='gallery-icon landscape'>\n\t\t\t\t<a href='https:\/\/www.hotelfloridiana.it\/de\/fruhstuck\/breakfast-09-2\/'><img loading=\"lazy\" decoding=\"async\" width=\"300\" height=\"200\" src=\"https:\/\/www.hotelfloridiana.it\/wp-content\/uploads\/2018\/12\/breakfast-09-300x200.jpg\" class=\"attachment-medium size-medium\" alt=\"\" srcset=\"https:\/\/www.hotelfloridiana.it\/wp-content\/uploads\/2018\/12\/breakfast-09-300x200.jpg 300w, https:\/\/www.hotelfloridiana.it\/wp-content\/uploads\/2018\/12\/breakfast-09-768x511.jpg 768w, https:\/\/www.hotelfloridiana.it\/wp-content\/uploads\/2018\/12\/breakfast-09-1024x682.jpg 1024w, https:\/\/www.hotelfloridiana.it\/wp-content\/uploads\/2018\/12\/breakfast-09-850x567.jpg 850w, https:\/\/www.hotelfloridiana.it\/wp-content\/uploads\/2018\/12\/breakfast-09-555x369.jpg 555w, https:\/\/www.hotelfloridiana.it\/wp-content\/uploads\/2018\/12\/breakfast-09.jpg 1920w\" sizes=\"(max-width: 300px) 100vw, 300px\" \/><\/a>\n\t\t\t<\/div><\/figure><figure class='gallery-item'>\n\t\t\t<div class='gallery-icon landscape'>\n\t\t\t\t<a href='https:\/\/www.hotelfloridiana.it\/de\/colazione-floridiana-2\/'><img loading=\"lazy\" decoding=\"async\" width=\"300\" height=\"200\" src=\"https:\/\/www.hotelfloridiana.it\/wp-content\/uploads\/2018\/10\/colazione-floridiana-300x200.jpg\" class=\"attachment-medium size-medium\" alt=\"\" srcset=\"https:\/\/www.hotelfloridiana.it\/wp-content\/uploads\/2018\/10\/colazione-floridiana-300x200.jpg 300w, https:\/\/www.hotelfloridiana.it\/wp-content\/uploads\/2018\/10\/colazione-floridiana-768x511.jpg 768w, https:\/\/www.hotelfloridiana.it\/wp-content\/uploads\/2018\/10\/colazione-floridiana-1024x682.jpg 1024w, https:\/\/www.hotelfloridiana.it\/wp-content\/uploads\/2018\/10\/colazione-floridiana-850x567.jpg 850w, https:\/\/www.hotelfloridiana.it\/wp-content\/uploads\/2018\/10\/colazione-floridiana-555x369.jpg 555w, https:\/\/www.hotelfloridiana.it\/wp-content\/uploads\/2018\/10\/colazione-floridiana.jpg 1920w\" sizes=\"(max-width: 300px) 100vw, 300px\" \/><\/a>\n\t\t\t<\/div><\/figure><figure class='gallery-item'>\n\t\t\t<div class='gallery-icon landscape'>\n\t\t\t\t<a href='https:\/\/www.hotelfloridiana.it\/de\/fruhstuck\/breakfast-10-2\/'><img loading=\"lazy\" decoding=\"async\" width=\"300\" height=\"200\" src=\"https:\/\/www.hotelfloridiana.it\/wp-content\/uploads\/2018\/12\/breakfast-10-300x200.jpg\" class=\"attachment-medium size-medium\" alt=\"\" srcset=\"https:\/\/www.hotelfloridiana.it\/wp-content\/uploads\/2018\/12\/breakfast-10-300x200.jpg 300w, https:\/\/www.hotelfloridiana.it\/wp-content\/uploads\/2018\/12\/breakfast-10-768x511.jpg 768w, https:\/\/www.hotelfloridiana.it\/wp-content\/uploads\/2018\/12\/breakfast-10-1024x682.jpg 1024w, https:\/\/www.hotelfloridiana.it\/wp-content\/uploads\/2018\/12\/breakfast-10-850x567.jpg 850w, https:\/\/www.hotelfloridiana.it\/wp-content\/uploads\/2018\/12\/breakfast-10-555x369.jpg 555w, https:\/\/www.hotelfloridiana.it\/wp-content\/uploads\/2018\/12\/breakfast-10.jpg 1920w\" sizes=\"(max-width: 300px) 100vw, 300px\" \/><\/a>\n\t\t\t<\/div><\/figure><figure class='gallery-item'>\n\t\t\t<div class='gallery-icon landscape'>\n\t\t\t\t<a href='https:\/\/www.hotelfloridiana.it\/de\/fruhstuck\/breakfast-11-2\/'><img loading=\"lazy\" decoding=\"async\" width=\"300\" height=\"200\" src=\"https:\/\/www.hotelfloridiana.it\/wp-content\/uploads\/2018\/12\/breakfast-11-300x200.jpg\" class=\"attachment-medium size-medium\" alt=\"\" srcset=\"https:\/\/www.hotelfloridiana.it\/wp-content\/uploads\/2018\/12\/breakfast-11-300x200.jpg 300w, https:\/\/www.hotelfloridiana.it\/wp-content\/uploads\/2018\/12\/breakfast-11-768x511.jpg 768w, https:\/\/www.hotelfloridiana.it\/wp-content\/uploads\/2018\/12\/breakfast-11-1024x682.jpg 1024w, https:\/\/www.hotelfloridiana.it\/wp-content\/uploads\/2018\/12\/breakfast-11-850x567.jpg 850w, https:\/\/www.hotelfloridiana.it\/wp-content\/uploads\/2018\/12\/breakfast-11-555x369.jpg 555w, https:\/\/www.hotelfloridiana.it\/wp-content\/uploads\/2018\/12\/breakfast-11.jpg 1920w\" sizes=\"(max-width: 300px) 100vw, 300px\" \/><\/a>\n\t\t\t<\/div><\/figure>\n\t\t<\/div>\n\n","protected":false},"excerpt":{"rendered":"<p>Im Hotel Floridiana ist das Fr\u00fchst\u00fcck der sch\u00f6nste und wichtigste Moment des Tages. Unser kontinentales Buffet bietet Ihnen eine verlockende Auswahl an s\u00fc\u00dfen und herzhaften Produkten mit unseren typischen Produkte wie Mozzarella. Dann auch hei\u00dfe und kalte Getr\u00e4nke, Fruchts\u00e4fte f\u00fcr jeden Geschmack und Bedarf.<\/p>\n","protected":false},"author":1,"featured_media":0,"parent":0,"menu_order":0,"comment_status":"closed","ping_status":"closed","template":"","meta":{"footnotes":""},"yoast_head":"<!-- This site is optimized with the Yoast SEO plugin v23.5 - https:\/\/yoast.com\/wordpress\/plugins\/seo\/ -->\n<title>Fr\u00fchst\u00fcck - Hotel Floridiana Amalfi<\/title>\n<meta name=\"robots\" content=\"index, follow, max-snippet:-1, max-image-preview:large, max-video-preview:-1\" \/>\n<link rel=\"canonical\" href=\"https:\/\/www.hotelfloridiana.it\/de\/fruhstuck\/\" \/>\n<meta property=\"og:locale\" content=\"de_DE\" \/>\n<meta property=\"og:type\" content=\"article\" \/>\n<meta property=\"og:title\" content=\"Fr\u00fchst\u00fcck - Hotel Floridiana Amalfi\" \/>\n<meta property=\"og:description\" content=\"Im Hotel Floridiana ist das Fr\u00fchst\u00fcck der sch\u00f6nste und wichtigste Moment des Tages. Unser kontinentales Buffet bietet Ihnen eine verlockende Auswahl an s\u00fc\u00dfen und herzhaften Produkten mit unseren typischen Produkte wie Mozzarella. Dann auch hei\u00dfe und kalte Getr\u00e4nke, Fruchts\u00e4fte f\u00fcr jeden Geschmack und Bedarf.\" \/>\n<meta property=\"og:url\" content=\"https:\/\/www.hotelfloridiana.it\/de\/fruhstuck\/\" \/>\n<meta property=\"og:site_name\" content=\"Hotel Floridiana Amalfi\" \/>\n<meta property=\"article:modified_time\" content=\"2019-01-17T19:46:48+00:00\" \/>\n<meta property=\"og:image\" content=\"https:\/\/www.hotelfloridiana.it\/wp-content\/uploads\/2018\/12\/breakfast-01-300x200.jpg\" \/>\n<meta name=\"twitter:card\" content=\"summary_large_image\" \/>\n<script type=\"application\/ld+json\" class=\"yoast-schema-graph\">{\"@context\":\"https:\/\/schema.org\",\"@graph\":[{\"@type\":\"WebPage\",\"@id\":\"https:\/\/www.hotelfloridiana.it\/de\/fruhstuck\/\",\"url\":\"https:\/\/www.hotelfloridiana.it\/de\/fruhstuck\/\",\"name\":\"Fr\u00fchst\u00fcck - Hotel Floridiana Amalfi\",\"isPartOf\":{\"@id\":\"https:\/\/www.hotelfloridiana.it\/de\/#website\"},\"datePublished\":\"2018-12-20T13:22:58+00:00\",\"dateModified\":\"2019-01-17T19:46:48+00:00\",\"breadcrumb\":{\"@id\":\"https:\/\/www.hotelfloridiana.it\/de\/fruhstuck\/#breadcrumb\"},\"inLanguage\":\"de\",\"potentialAction\":[{\"@type\":\"ReadAction\",\"target\":[\"https:\/\/www.hotelfloridiana.it\/de\/fruhstuck\/\"]}]},{\"@type\":\"BreadcrumbList\",\"@id\":\"https:\/\/www.hotelfloridiana.it\/de\/fruhstuck\/#breadcrumb\",\"itemListElement\":[{\"@type\":\"ListItem\",\"position\":1,\"name\":\"Home\",\"item\":\"https:\/\/www.hotelfloridiana.it\/de\/\"},{\"@type\":\"ListItem\",\"position\":2,\"name\":\"Fr\u00fchst\u00fcck\"}]},{\"@type\":\"WebSite\",\"@id\":\"https:\/\/www.hotelfloridiana.it\/de\/#website\",\"url\":\"https:\/\/www.hotelfloridiana.it\/de\/\",\"name\":\"Hotel Floridiana Amalfi\",\"description\":\"Your Hotel in Amalfi\",\"publisher\":{\"@id\":\"https:\/\/www.hotelfloridiana.it\/de\/#organization\"},\"potentialAction\":[{\"@type\":\"SearchAction\",\"target\":{\"@type\":\"EntryPoint\",\"urlTemplate\":\"https:\/\/www.hotelfloridiana.it\/de\/?s={search_term_string}\"},\"query-input\":{\"@type\":\"PropertyValueSpecification\",\"valueRequired\":true,\"valueName\":\"search_term_string\"}}],\"inLanguage\":\"de\"},{\"@type\":\"Organization\",\"@id\":\"https:\/\/www.hotelfloridiana.it\/de\/#organization\",\"name\":\"Hotel Floridiana Amalfi\",\"url\":\"https:\/\/www.hotelfloridiana.it\/de\/\",\"logo\":{\"@type\":\"ImageObject\",\"inLanguage\":\"de\",\"@id\":\"https:\/\/www.hotelfloridiana.it\/de\/#\/schema\/logo\/image\/\",\"url\":\"https:\/\/www.hotelfloridiana.it\/wp-content\/uploads\/2018\/10\/hotel-floridiana-amalfi.png\",\"contentUrl\":\"https:\/\/www.hotelfloridiana.it\/wp-content\/uploads\/2018\/10\/hotel-floridiana-amalfi.png\",\"width\":640,\"height\":190,\"caption\":\"Hotel Floridiana Amalfi\"},\"image\":{\"@id\":\"https:\/\/www.hotelfloridiana.it\/de\/#\/schema\/logo\/image\/\"}}]}<\/script>\n<!-- \/ Yoast SEO plugin. -->","yoast_head_json":{"title":"Fr\u00fchst\u00fcck - Hotel Floridiana Amalfi","robots":{"index":"index","follow":"follow","max-snippet":"max-snippet:-1","max-image-preview":"max-image-preview:large","max-video-preview":"max-video-preview:-1"},"canonical":"https:\/\/www.hotelfloridiana.it\/de\/fruhstuck\/","og_locale":"de_DE","og_type":"article","og_title":"Fr\u00fchst\u00fcck - Hotel Floridiana Amalfi","og_description":"Im Hotel Floridiana ist das Fr\u00fchst\u00fcck der sch\u00f6nste und wichtigste Moment des Tages. Unser kontinentales Buffet bietet Ihnen eine verlockende Auswahl an s\u00fc\u00dfen und herzhaften Produkten mit unseren typischen Produkte wie Mozzarella. Dann auch hei\u00dfe und kalte Getr\u00e4nke, Fruchts\u00e4fte f\u00fcr jeden Geschmack und Bedarf.","og_url":"https:\/\/www.hotelfloridiana.it\/de\/fruhstuck\/","og_site_name":"Hotel Floridiana Amalfi","article_modified_time":"2019-01-17T19:46:48+00:00","og_image":[{"url":"https:\/\/www.hotelfloridiana.it\/wp-content\/uploads\/2018\/12\/breakfast-01-300x200.jpg"}],"twitter_card":"summary_large_image","schema":{"@context":"https:\/\/schema.org","@graph":[{"@type":"WebPage","@id":"https:\/\/www.hotelfloridiana.it\/de\/fruhstuck\/","url":"https:\/\/www.hotelfloridiana.it\/de\/fruhstuck\/","name":"Fr\u00fchst\u00fcck - Hotel Floridiana Amalfi","isPartOf":{"@id":"https:\/\/www.hotelfloridiana.it\/de\/#website"},"datePublished":"2018-12-20T13:22:58+00:00","dateModified":"2019-01-17T19:46:48+00:00","breadcrumb":{"@id":"https:\/\/www.hotelfloridiana.it\/de\/fruhstuck\/#breadcrumb"},"inLanguage":"de","potentialAction":[{"@type":"ReadAction","target":["https:\/\/www.hotelfloridiana.it\/de\/fruhstuck\/"]}]},{"@type":"BreadcrumbList","@id":"https:\/\/www.hotelfloridiana.it\/de\/fruhstuck\/#breadcrumb","itemListElement":[{"@type":"ListItem","position":1,"name":"Home","item":"https:\/\/www.hotelfloridiana.it\/de\/"},{"@type":"ListItem","position":2,"name":"Fr\u00fchst\u00fcck"}]},{"@type":"WebSite","@id":"https:\/\/www.hotelfloridiana.it\/de\/#website","url":"https:\/\/www.hotelfloridiana.it\/de\/","name":"Hotel Floridiana Amalfi","description":"Your Hotel in Amalfi","publisher":{"@id":"https:\/\/www.hotelfloridiana.it\/de\/#organization"},"potentialAction":[{"@type":"SearchAction","target":{"@type":"EntryPoint","urlTemplate":"https:\/\/www.hotelfloridiana.it\/de\/?s={search_term_string}"},"query-input":{"@type":"PropertyValueSpecification","valueRequired":true,"valueName":"search_term_string"}}],"inLanguage":"de"},{"@type":"Organization","@id":"https:\/\/www.hotelfloridiana.it\/de\/#organization","name":"Hotel Floridiana Amalfi","url":"https:\/\/www.hotelfloridiana.it\/de\/","logo":{"@type":"ImageObject","inLanguage":"de","@id":"https:\/\/www.hotelfloridiana.it\/de\/#\/schema\/logo\/image\/","url":"https:\/\/www.hotelfloridiana.it\/wp-content\/uploads\/2018\/10\/hotel-floridiana-amalfi.png","contentUrl":"https:\/\/www.hotelfloridiana.it\/wp-content\/uploads\/2018\/10\/hotel-floridiana-amalfi.png","width":640,"height":190,"caption":"Hotel Floridiana Amalfi"},"image":{"@id":"https:\/\/www.hotelfloridiana.it\/de\/#\/schema\/logo\/image\/"}}]}},"_links":{"self":[{"href":"https:\/\/www.hotelfloridiana.it\/de\/wp-json\/wp\/v2\/pages\/783"}],"collection":[{"href":"https:\/\/www.hotelfloridiana.it\/de\/wp-json\/wp\/v2\/pages"}],"about":[{"href":"https:\/\/www.hotelfloridiana.it\/de\/wp-json\/wp\/v2\/types\/page"}],"author":[{"embeddable":true,"href":"https:\/\/www.hotelfloridiana.it\/de\/wp-json\/wp\/v2\/users\/1"}],"replies":[{"embeddable":true,"href":"https:\/\/www.hotelfloridiana.it\/de\/wp-json\/wp\/v2\/comments?post=783"}],"version-history":[{"count":2,"href":"https:\/\/www.hotelfloridiana.it\/de\/wp-json\/wp\/v2\/pages\/783\/revisions"}],"predecessor-version":[{"id":879,"href":"https:\/\/www.hotelfloridiana.it\/de\/wp-json\/wp\/v2\/pages\/783\/revisions\/879"}],"wp:attachment":[{"href":"https:\/\/www.hotelfloridiana.it\/de\/wp-json\/wp\/v2\/media?parent=783"}],"curies":[{"name":"wp","href":"https:\/\/api.w.org\/{rel}","templated":true}]}}