{"id":633,"date":"2018-12-11T12:17:40","date_gmt":"2018-12-11T11:17:40","guid":{"rendered":"https:\/\/hotelfloridiana.it\/preise\/"},"modified":"2022-03-15T10:21:25","modified_gmt":"2022-03-15T09:21:25","slug":"preise","status":"publish","type":"page","link":"https:\/\/www.hotelfloridiana.it\/de\/preise\/","title":{"rendered":"Preise"},"content":{"rendered":"<p>Preise (netto f\u00fcr Hotel) sind pro Tag \/ pro Zimmer, MWST, kontinentales Fr\u00fchst\u00fccksbuffet, Klimaanlage und <b>Garage inbegrieffen<\/b>.<\/p>\n<p>&nbsp;<\/p>\n<p>Bitte \u00fcberpr\u00fcfen Sie die Verf\u00fcgbarkeit und aktuelle Preise \u00fcber unser <a href=\"https:\/\/www.octorate.com\/octobook\/site\/reservation\/index.xhtml?codice=504103&amp;lang=de\">Online-Buchungssystem<\/a>.<\/p>\n<p>&nbsp;<\/p>\n<p>Hotel Floridiana, liegt im Herzen Amalfi, 50 Meter vom Dom und 100 Meter vom Strand entfernt. Alle Zimmer wurden k\u00fcrzlich renoviert und verf\u00fcgen \u00fcber ein eigenes WC mit F\u00f6n, Klimaanlage, Minibar, Wasserkocher, Direktwahltelefon, Sat-TV, Safe, Internet Wi-Fi, Fliegengitter an den Fenstern.<\/p>\n<p>&nbsp;<\/p>\n<h3><u>KUHRTAXE<\/u><\/h3>\n<p><strong>Periode<\/strong> vom 1. April bis 2.November<\/p>\n<p><strong>Betrag<\/strong> \u20ac 3,00 pro Person\/pro Nacht <u>BARGELD<\/u> bei Abreise.<\/p>\n<p><strong><u>Erm\u00e4\u00dfigungen<\/u><\/strong><br \/>\n50% <strong>KUHRTAX<\/strong> f\u00fcr Aufenthalte ab 5 N\u00e4chten, <u>die erste 4 N\u00e4chten sind voll Preis<\/u><\/p>\n<p><strong><u>Ausnahmen (gratis)<\/u><\/strong><br \/>\nGratis <strong>KUHRTAX<\/strong> f\u00fcr Minderj\u00e4hrigen Kindern bis zum zehnten Jahr.<\/p>\n","protected":false},"excerpt":{"rendered":"<p>Preise (netto f\u00fcr Hotel) sind pro Tag \/ pro Zimmer, MWST, kontinentales Fr\u00fchst\u00fccksbuffet, Klimaanlage und Garage inbegrieffen. &nbsp; Bitte \u00fcberpr\u00fcfen Sie die Verf\u00fcgbarkeit und aktuelle Preise \u00fcber unser Online-Buchungssystem. &nbsp; Hotel Floridiana, liegt im Herzen Amalfi, 50 Meter vom Dom und 100 Meter vom Strand entfernt. Alle Zimmer wurden k\u00fcrzlich renoviert und verf\u00fcgen \u00fcber ein [&hellip;]<\/p>\n","protected":false},"author":1,"featured_media":0,"parent":0,"menu_order":0,"comment_status":"closed","ping_status":"closed","template":"","meta":{"footnotes":""},"yoast_head":"<!-- This site is optimized with the Yoast SEO plugin v23.5 - https:\/\/yoast.com\/wordpress\/plugins\/seo\/ -->\n<title>Preise - Hotel Floridiana Amalfi<\/title>\n<meta name=\"robots\" content=\"index, follow, max-snippet:-1, max-image-preview:large, max-video-preview:-1\" \/>\n<link rel=\"canonical\" href=\"https:\/\/www.hotelfloridiana.it\/de\/preise\/\" \/>\n<meta property=\"og:locale\" content=\"de_DE\" \/>\n<meta property=\"og:type\" content=\"article\" \/>\n<meta property=\"og:title\" content=\"Preise - Hotel Floridiana Amalfi\" \/>\n<meta property=\"og:description\" content=\"Preise (netto f\u00fcr Hotel) sind pro Tag \/ pro Zimmer, MWST, kontinentales Fr\u00fchst\u00fccksbuffet, Klimaanlage und Garage inbegrieffen. &nbsp; Bitte \u00fcberpr\u00fcfen Sie die Verf\u00fcgbarkeit und aktuelle Preise \u00fcber unser Online-Buchungssystem. &nbsp; Hotel Floridiana, liegt im Herzen Amalfi, 50 Meter vom Dom und 100 Meter vom Strand entfernt. Alle Zimmer wurden k\u00fcrzlich renoviert und verf\u00fcgen \u00fcber ein [&hellip;]\" \/>\n<meta property=\"og:url\" content=\"https:\/\/www.hotelfloridiana.it\/de\/preise\/\" \/>\n<meta property=\"og:site_name\" content=\"Hotel Floridiana Amalfi\" \/>\n<meta property=\"article:modified_time\" content=\"2022-03-15T09:21:25+00:00\" \/>\n<meta name=\"twitter:card\" content=\"summary_large_image\" \/>\n<meta name=\"twitter:label1\" content=\"Gesch\u00e4tzte Lesezeit\" \/>\n\t<meta name=\"twitter:data1\" content=\"1\u00a0Minute\" \/>\n<script type=\"application\/ld+json\" class=\"yoast-schema-graph\">{\"@context\":\"https:\/\/schema.org\",\"@graph\":[{\"@type\":\"WebPage\",\"@id\":\"https:\/\/www.hotelfloridiana.it\/de\/preise\/\",\"url\":\"https:\/\/www.hotelfloridiana.it\/de\/preise\/\",\"name\":\"Preise - Hotel Floridiana Amalfi\",\"isPartOf\":{\"@id\":\"https:\/\/www.hotelfloridiana.it\/de\/#website\"},\"datePublished\":\"2018-12-11T11:17:40+00:00\",\"dateModified\":\"2022-03-15T09:21:25+00:00\",\"breadcrumb\":{\"@id\":\"https:\/\/www.hotelfloridiana.it\/de\/preise\/#breadcrumb\"},\"inLanguage\":\"de\",\"potentialAction\":[{\"@type\":\"ReadAction\",\"target\":[\"https:\/\/www.hotelfloridiana.it\/de\/preise\/\"]}]},{\"@type\":\"BreadcrumbList\",\"@id\":\"https:\/\/www.hotelfloridiana.it\/de\/preise\/#breadcrumb\",\"itemListElement\":[{\"@type\":\"ListItem\",\"position\":1,\"name\":\"Home\",\"item\":\"https:\/\/www.hotelfloridiana.it\/de\/\"},{\"@type\":\"ListItem\",\"position\":2,\"name\":\"Preise\"}]},{\"@type\":\"WebSite\",\"@id\":\"https:\/\/www.hotelfloridiana.it\/de\/#website\",\"url\":\"https:\/\/www.hotelfloridiana.it\/de\/\",\"name\":\"Hotel Floridiana Amalfi\",\"description\":\"Your Hotel in Amalfi\",\"publisher\":{\"@id\":\"https:\/\/www.hotelfloridiana.it\/de\/#organization\"},\"potentialAction\":[{\"@type\":\"SearchAction\",\"target\":{\"@type\":\"EntryPoint\",\"urlTemplate\":\"https:\/\/www.hotelfloridiana.it\/de\/?s={search_term_string}\"},\"query-input\":{\"@type\":\"PropertyValueSpecification\",\"valueRequired\":true,\"valueName\":\"search_term_string\"}}],\"inLanguage\":\"de\"},{\"@type\":\"Organization\",\"@id\":\"https:\/\/www.hotelfloridiana.it\/de\/#organization\",\"name\":\"Hotel Floridiana Amalfi\",\"url\":\"https:\/\/www.hotelfloridiana.it\/de\/\",\"logo\":{\"@type\":\"ImageObject\",\"inLanguage\":\"de\",\"@id\":\"https:\/\/www.hotelfloridiana.it\/de\/#\/schema\/logo\/image\/\",\"url\":\"https:\/\/www.hotelfloridiana.it\/wp-content\/uploads\/2018\/10\/hotel-floridiana-amalfi.png\",\"contentUrl\":\"https:\/\/www.hotelfloridiana.it\/wp-content\/uploads\/2018\/10\/hotel-floridiana-amalfi.png\",\"width\":640,\"height\":190,\"caption\":\"Hotel Floridiana Amalfi\"},\"image\":{\"@id\":\"https:\/\/www.hotelfloridiana.it\/de\/#\/schema\/logo\/image\/\"}}]}<\/script>\n<!-- \/ Yoast SEO plugin. -->","yoast_head_json":{"title":"Preise - Hotel Floridiana Amalfi","robots":{"index":"index","follow":"follow","max-snippet":"max-snippet:-1","max-image-preview":"max-image-preview:large","max-video-preview":"max-video-preview:-1"},"canonical":"https:\/\/www.hotelfloridiana.it\/de\/preise\/","og_locale":"de_DE","og_type":"article","og_title":"Preise - Hotel Floridiana Amalfi","og_description":"Preise (netto f\u00fcr Hotel) sind pro Tag \/ pro Zimmer, MWST, kontinentales Fr\u00fchst\u00fccksbuffet, Klimaanlage und Garage inbegrieffen. &nbsp; Bitte \u00fcberpr\u00fcfen Sie die Verf\u00fcgbarkeit und aktuelle Preise \u00fcber unser Online-Buchungssystem. &nbsp; Hotel Floridiana, liegt im Herzen Amalfi, 50 Meter vom Dom und 100 Meter vom Strand entfernt. Alle Zimmer wurden k\u00fcrzlich renoviert und verf\u00fcgen \u00fcber ein [&hellip;]","og_url":"https:\/\/www.hotelfloridiana.it\/de\/preise\/","og_site_name":"Hotel Floridiana Amalfi","article_modified_time":"2022-03-15T09:21:25+00:00","twitter_card":"summary_large_image","twitter_misc":{"Gesch\u00e4tzte Lesezeit":"1\u00a0Minute"},"schema":{"@context":"https:\/\/schema.org","@graph":[{"@type":"WebPage","@id":"https:\/\/www.hotelfloridiana.it\/de\/preise\/","url":"https:\/\/www.hotelfloridiana.it\/de\/preise\/","name":"Preise - Hotel Floridiana Amalfi","isPartOf":{"@id":"https:\/\/www.hotelfloridiana.it\/de\/#website"},"datePublished":"2018-12-11T11:17:40+00:00","dateModified":"2022-03-15T09:21:25+00:00","breadcrumb":{"@id":"https:\/\/www.hotelfloridiana.it\/de\/preise\/#breadcrumb"},"inLanguage":"de","potentialAction":[{"@type":"ReadAction","target":["https:\/\/www.hotelfloridiana.it\/de\/preise\/"]}]},{"@type":"BreadcrumbList","@id":"https:\/\/www.hotelfloridiana.it\/de\/preise\/#breadcrumb","itemListElement":[{"@type":"ListItem","position":1,"name":"Home","item":"https:\/\/www.hotelfloridiana.it\/de\/"},{"@type":"ListItem","position":2,"name":"Preise"}]},{"@type":"WebSite","@id":"https:\/\/www.hotelfloridiana.it\/de\/#website","url":"https:\/\/www.hotelfloridiana.it\/de\/","name":"Hotel Floridiana Amalfi","description":"Your Hotel in Amalfi","publisher":{"@id":"https:\/\/www.hotelfloridiana.it\/de\/#organization"},"potentialAction":[{"@type":"SearchAction","target":{"@type":"EntryPoint","urlTemplate":"https:\/\/www.hotelfloridiana.it\/de\/?s={search_term_string}"},"query-input":{"@type":"PropertyValueSpecification","valueRequired":true,"valueName":"search_term_string"}}],"inLanguage":"de"},{"@type":"Organization","@id":"https:\/\/www.hotelfloridiana.it\/de\/#organization","name":"Hotel Floridiana Amalfi","url":"https:\/\/www.hotelfloridiana.it\/de\/","logo":{"@type":"ImageObject","inLanguage":"de","@id":"https:\/\/www.hotelfloridiana.it\/de\/#\/schema\/logo\/image\/","url":"https:\/\/www.hotelfloridiana.it\/wp-content\/uploads\/2018\/10\/hotel-floridiana-amalfi.png","contentUrl":"https:\/\/www.hotelfloridiana.it\/wp-content\/uploads\/2018\/10\/hotel-floridiana-amalfi.png","width":640,"height":190,"caption":"Hotel Floridiana Amalfi"},"image":{"@id":"https:\/\/www.hotelfloridiana.it\/de\/#\/schema\/logo\/image\/"}}]}},"_links":{"self":[{"href":"https:\/\/www.hotelfloridiana.it\/de\/wp-json\/wp\/v2\/pages\/633"}],"collection":[{"href":"https:\/\/www.hotelfloridiana.it\/de\/wp-json\/wp\/v2\/pages"}],"about":[{"href":"https:\/\/www.hotelfloridiana.it\/de\/wp-json\/wp\/v2\/types\/page"}],"author":[{"embeddable":true,"href":"https:\/\/www.hotelfloridiana.it\/de\/wp-json\/wp\/v2\/users\/1"}],"replies":[{"embeddable":true,"href":"https:\/\/www.hotelfloridiana.it\/de\/wp-json\/wp\/v2\/comments?post=633"}],"version-history":[{"count":4,"href":"https:\/\/www.hotelfloridiana.it\/de\/wp-json\/wp\/v2\/pages\/633\/revisions"}],"predecessor-version":[{"id":2552,"href":"https:\/\/www.hotelfloridiana.it\/de\/wp-json\/wp\/v2\/pages\/633\/revisions\/2552"}],"wp:attachment":[{"href":"https:\/\/www.hotelfloridiana.it\/de\/wp-json\/wp\/v2\/media?parent=633"}],"curies":[{"name":"wp","href":"https:\/\/api.w.org\/{rel}","templated":true}]}}