{"id":601,"date":"2018-11-27T16:05:28","date_gmt":"2018-11-27T15:05:28","guid":{"rendered":"https:\/\/hotelfloridiana.it\/wo-wir-sind\/"},"modified":"2021-07-28T16:16:39","modified_gmt":"2021-07-28T14:16:39","slug":"wo-wir-sind","status":"publish","type":"page","link":"https:\/\/www.hotelfloridiana.it\/de\/wo-wir-sind\/","title":{"rendered":"Wo wir sind"},"content":{"rendered":"<p>Um unser Hotel zu finden, m\u00f6chten wir Ihnen einige Informationen, um uns schnell zu finden. Wenn Sie in Amalfi sind, fahren Sie weiter die K\u00fcstenstra\u00dfe hinunter bis zu der Mini-Kreisverkehr vis \u00e0 vis sehen Sie den schmalen Eingang in den Hauptplatz \u201ePIAZZA DUOMO\u201c (links sehen Sie ein Tabak und rechts eine B\u00e4ckerei).<\/p>\n<p><strong>FALLS SIE ZU FU\u03b2 SIND<\/strong>: wenn Sie in Piazza Duomo eintreten, ca. 100 mt. nach den DomStufen , auf der rechten Seite, nehmen Sie \u201cVIA DEI CURIALI\u201d (DECO\u2019 SUPERMARKET); unsere Eingang ist neben \u201eDECO\u2019 SUPERMARKET\u201d Sie werden links eine Glast\u00fcr mit \u201cHOTEL FLORIDIANA\u201d LOGO finden. Verwenden Sie die INTERFON und wir werden die Glast\u00fcr \u00f6ffnen um die LIFT zu nehmen, die Sie an die R\u00e9ception f\u00fchrt.<\/p>\n<p>Falls Sie die M\u00f6glichkeit haben uns zu telefonieren werden wir Ihnen mit dem Koffer (NUR KOFFER, KEINE OFFENE TASCHE) helfen, wir haben ein GRATIS GEP\u0100CKSERVICE (von 8:30 Uhr bis 19:30 Uhr). Treffen Sie den Gep\u00e4cktr\u00e4ger bei dem LUGGAGE POINT (sehen Sie den Amalfi Stadtplan auf der n\u00e4chsten Seite), Ihr Gep\u00e4ck wird GRATIS direkt ins Hotel gebracht.<\/p>\n<p><strong>FALLS SIE MIT DEM AUTO FAHREN<\/strong>, Sie sollten wissen dass, das Historisches Zentrum, eine Verkehrsbeschr\u00e4nkte Zone (<a href=\"https:\/\/www.hotelfloridiana.it\/wp-content\/uploads\/2019\/07\/ZTL-DEUTSCH-2019.pdf\">ein bewachtes Gebiet<\/a>) ist, deshalb, k\u00f6nnte es sein dass, Ihre Buchung von einem Stadtpolizist verlangt wird, sodass Sie ins Zentrum fahren k\u00f6nnen.<\/p>\n<p>Danach, wenn Sie im Hotel ankommen, brauchen wir AUTOMODELL und NUMMERSCHILD Zu erfahren. Wir werden diese Informationen an des Verkehrsb\u00fcro in Amalfi weiterleiten, weil das Zentrum ein bewachtes Gebiet\u00a0ist.<\/p>\n<p>Wenn Sie in Piazza Duomo eintreten, ca. 70 Meter nach dem Dom, auf der rechten Seite finden Sie eine Ampel (um den Verkehr in der sehr engen Hauptstrasse zu regeln).<\/p>\n<p>Um unsere Garage zu finden, fahren Sie an der AMPEL vorbei (achtung falls ROT IST) bis ans Ende der Shopping Gasse (ca. 200m. entfernt), dann sehen Sie auf der rechten Seite zwei gro\u00dfe gr\u00fcne Garagentore wo geschrieben ist \u201eGARAGE HOTEL FLORIDIANA\u201c.<\/p>\n<p>Laufen sie zur\u00fcck bis \u201cVIA DEI CURIALI\u201d (DECO\u2019 SUPERMARKET); unsere Eingang ist neben \u201eDECO\u2019 SUPERMARKET\u201d Sie werden links eine Glast\u00fcr mit \u201cHOTEL FLORIDIANA\u201d LOGO finden. Verwenden Sie die INTERFON und wir werden die Glast\u00fcr \u00f6ffnen um die LIFT zu nehmen, die Sie an die R\u00e9ception f\u00fchrt.<\/p>\n<p><span style=\"font-family: Arial Black, serif;\"><span style=\"font-size: medium;\"><span lang=\"de-DE\">So erreichen Sie Amalfi mit dem Auto:<\/span><\/span><\/span><\/p>\n<p><strong>Mit dem Auto vom Norden:<\/strong><br \/>\n<span lang=\"de-DE\">AUTOBAHN A1 \u2013 AUSFAHRT CASERTA SUD<br \/>\nAUTOBAHN A3 \u2013 AUSFAHRT VIETRI SUL MARE<br \/>\n\u2192 \u2192 SS 163 RICHTUNG AMALFI K\u00dcSTE<\/span><\/p>\n<p><strong>Mit dem Auto vom S\u00fcden<\/strong><br \/>\n<span lang=\"de-DE\">AUTOBAHN A3 \u2013 AUSFAHRT <\/span>SALERNO<\/p>\n<p>\u2192 \u2192 <span lang=\"de-DE\">SS 163 RICHTUNG AMALFI K\u00dcSTE<\/span><\/p>\n<p><span style=\"font-family: Arial Black, serif;\"><span style=\"font-size: medium;\"><span lang=\"de-DE\">Wie man vom Flughafen Neapel-Capodichino nach Amalfi kommt:<\/span><\/span><\/span><\/p>\n<p><span style=\"font-size: large;\"><span lang=\"de-DE\"><u><b>\u00d6ffentliche Verkehrsmittel<\/b><\/u><\/span><\/span><span style=\"font-size: large;\"><u><b>:<\/b><\/u><\/span><\/p>\n<ul>\n<li><u><b>SHUTTLE SERVICE<\/b><\/u><b> \u201cPINTOUR BUS\u201d <\/b>direkt von Neapel-Capodichino Flughafen nach Amalfi<\/li>\n<\/ul>\n<p><span lang=\"de-DE\"><u>(Reservierung erforderlich)<\/u><\/span><\/p>\n<p><b>E-mail: <\/b><span style=\"color: #0000ff;\"><u><a href=\"mailto:ordini@pintourbus.com\"><b>ordini@pintourbus.com<\/b><\/a><\/u><\/span><\/p>\n<p><b>Web site: <\/b><span style=\"color: #0000ff;\"><u><a href=\"http:\/\/www.pintourbus.com\/\"><b>www.pintourbus.com<\/b><\/a><\/u><\/span><b> <\/b><\/p>\n<p><b>Phone: +39 335 6910211<\/b><\/p>\n<p><u><b>BUS (Alibus) + ZUG + F<\/b><\/u><u><b>\u00c4H<\/b><\/u><u><b>RE\/BUS via SALERNO<\/b><\/u><\/p>\n<ul>\n<li><u>BUS<\/u> \u201cALIBUS\u201d von Neapel-Capodichino Flughafen nach NAPOLI CENTRALE HAUPTBAHNHOF<\/li>\n<\/ul>\n<p>Abfahrt <span lang=\"de-DE\">alle 30 Minuten (Fahrkarte im Bus zu kaufen)<\/span><\/p>\n<ul>\n<li><u>ZUG<\/u> \u201cTRENITALIA\u201d von NAPOLI CENTRALE HAUPTBAHNHOF nach SALERNO HAUPTBAHNHOF<\/li>\n<\/ul>\n<p>(Reservierung\/Fahrkarte erforderlich)<\/p>\n<p>Web site: <span style=\"color: #0000ff;\"><u><a href=\"http:\/\/www.trenitalia.it\/\">www.trenitalia.it<\/a><\/u><\/span><\/p>\n<ul>\n<li><u>F<\/u><u>\u00c4<\/u><u>HRE<\/u> \u201cTRAVELMAR\u201d von SALERNO Piazza della Concordia nach AMALFI<\/li>\n<\/ul>\n<p><span lang=\"de-DE\">(Kaufen Sie die Fahrkarte am Hafen, bevor Sie auf die F\u00e4hre steigen)<\/span><\/p>\n<p>Web site: <span style=\"color: #0000ff;\"><u><a href=\"http:\/\/www.travelmar.it\/\">www.travelmar.it<\/a><\/u><\/span><\/p>\n<ul>\n<li><u>BUS <\/u>\u201cSITA SUD\u201d <span lang=\"de-DE\">von SALERNO (in der N\u00e4he von Bahnhof) nach AMALFI<\/span><\/li>\n<\/ul>\n<p><span lang=\"de-DE\">(Kaufen Sie die Fahrkarte bevor Sie auf den Bus steigen)<\/span><\/p>\n<p>Web site: <span style=\"color: #0000ff;\"><u><a href=\"http:\/\/www.sitasudtrasporti.it\/orari\">www.sitasudtrasporti.it\/orari<\/a><\/u><\/span><\/p>\n<ul>\n<li><u>PRIVAT TRANSFER <\/u> \u201cPOSITANO TURISMO\u201d <span lang=\"de-DE\"><u>(Reservierung erforderlich)<\/u><\/span><\/li>\n<\/ul>\n<p>Web site: <span style=\"color: #0000ff;\"><u><a href=\"http:\/\/www.positanoturismo.com\/\">www.positanoturismo.com<\/a><\/u><\/span><\/p>\n<p>E-mail: <span style=\"color: #0000ff;\"><u><a href=\"mailto:info@positanoturismo.com\">info@positanoturismo.com<\/a><\/u><\/span><\/p>\n<p>Telephon B\u00fcro: +39 081 3793328<\/p>\n<p>Frau Noemi Handy: +39 333 8145192<\/p>\n<p><a name=\"_GoBack\"><\/a> Herr Beniamino Handy: +39 333 814519<\/p>\n<p>Falls Sie Hilfe brauchen unsere Telefonnummer ist:<br \/>\nTel. +39 089 8736373<\/p>\n","protected":false},"excerpt":{"rendered":"<p>Um unser Hotel zu finden, m\u00f6chten wir Ihnen einige Informationen, um uns schnell zu finden. Wenn Sie in Amalfi sind, fahren Sie weiter die K\u00fcstenstra\u00dfe hinunter bis zu der Mini-Kreisverkehr vis \u00e0 vis sehen Sie den schmalen Eingang in den Hauptplatz \u201ePIAZZA DUOMO\u201c (links sehen Sie ein Tabak und rechts eine B\u00e4ckerei). FALLS SIE ZU [&hellip;]<\/p>\n","protected":false},"author":1,"featured_media":0,"parent":0,"menu_order":0,"comment_status":"closed","ping_status":"closed","template":"","meta":{"footnotes":""},"yoast_head":"<!-- This site is optimized with the Yoast SEO plugin v23.5 - https:\/\/yoast.com\/wordpress\/plugins\/seo\/ -->\n<title>Wo sind wir - Hotel Floridiana Amalfi<\/title>\n<meta name=\"robots\" content=\"index, follow, max-snippet:-1, max-image-preview:large, max-video-preview:-1\" \/>\n<link rel=\"canonical\" href=\"https:\/\/www.hotelfloridiana.it\/de\/wo-wir-sind\/\" \/>\n<meta property=\"og:locale\" content=\"de_DE\" \/>\n<meta property=\"og:type\" content=\"article\" \/>\n<meta property=\"og:title\" content=\"Wo sind wir - Hotel Floridiana Amalfi\" \/>\n<meta property=\"og:description\" content=\"Um unser Hotel zu finden, m\u00f6chten wir Ihnen einige Informationen, um uns schnell zu finden. Wenn Sie in Amalfi sind, fahren Sie weiter die K\u00fcstenstra\u00dfe hinunter bis zu der Mini-Kreisverkehr vis \u00e0 vis sehen Sie den schmalen Eingang in den Hauptplatz \u201ePIAZZA DUOMO\u201c (links sehen Sie ein Tabak und rechts eine B\u00e4ckerei). FALLS SIE ZU [&hellip;]\" \/>\n<meta property=\"og:url\" content=\"https:\/\/www.hotelfloridiana.it\/de\/wo-wir-sind\/\" \/>\n<meta property=\"og:site_name\" content=\"Hotel Floridiana Amalfi\" \/>\n<meta property=\"article:modified_time\" content=\"2021-07-28T14:16:39+00:00\" \/>\n<meta name=\"twitter:card\" content=\"summary_large_image\" \/>\n<meta name=\"twitter:label1\" content=\"Gesch\u00e4tzte Lesezeit\" \/>\n\t<meta name=\"twitter:data1\" content=\"3\u00a0Minuten\" \/>\n<script type=\"application\/ld+json\" class=\"yoast-schema-graph\">{\"@context\":\"https:\/\/schema.org\",\"@graph\":[{\"@type\":\"WebPage\",\"@id\":\"https:\/\/www.hotelfloridiana.it\/de\/wo-wir-sind\/\",\"url\":\"https:\/\/www.hotelfloridiana.it\/de\/wo-wir-sind\/\",\"name\":\"Wo sind wir - Hotel Floridiana Amalfi\",\"isPartOf\":{\"@id\":\"https:\/\/www.hotelfloridiana.it\/de\/#website\"},\"datePublished\":\"2018-11-27T15:05:28+00:00\",\"dateModified\":\"2021-07-28T14:16:39+00:00\",\"breadcrumb\":{\"@id\":\"https:\/\/www.hotelfloridiana.it\/de\/wo-wir-sind\/#breadcrumb\"},\"inLanguage\":\"de\",\"potentialAction\":[{\"@type\":\"ReadAction\",\"target\":[\"https:\/\/www.hotelfloridiana.it\/de\/wo-wir-sind\/\"]}]},{\"@type\":\"BreadcrumbList\",\"@id\":\"https:\/\/www.hotelfloridiana.it\/de\/wo-wir-sind\/#breadcrumb\",\"itemListElement\":[{\"@type\":\"ListItem\",\"position\":1,\"name\":\"Home\",\"item\":\"https:\/\/www.hotelfloridiana.it\/de\/\"},{\"@type\":\"ListItem\",\"position\":2,\"name\":\"Wo wir sind\"}]},{\"@type\":\"WebSite\",\"@id\":\"https:\/\/www.hotelfloridiana.it\/de\/#website\",\"url\":\"https:\/\/www.hotelfloridiana.it\/de\/\",\"name\":\"Hotel Floridiana Amalfi\",\"description\":\"Your Hotel in Amalfi\",\"publisher\":{\"@id\":\"https:\/\/www.hotelfloridiana.it\/de\/#organization\"},\"potentialAction\":[{\"@type\":\"SearchAction\",\"target\":{\"@type\":\"EntryPoint\",\"urlTemplate\":\"https:\/\/www.hotelfloridiana.it\/de\/?s={search_term_string}\"},\"query-input\":{\"@type\":\"PropertyValueSpecification\",\"valueRequired\":true,\"valueName\":\"search_term_string\"}}],\"inLanguage\":\"de\"},{\"@type\":\"Organization\",\"@id\":\"https:\/\/www.hotelfloridiana.it\/de\/#organization\",\"name\":\"Hotel Floridiana Amalfi\",\"url\":\"https:\/\/www.hotelfloridiana.it\/de\/\",\"logo\":{\"@type\":\"ImageObject\",\"inLanguage\":\"de\",\"@id\":\"https:\/\/www.hotelfloridiana.it\/de\/#\/schema\/logo\/image\/\",\"url\":\"https:\/\/www.hotelfloridiana.it\/wp-content\/uploads\/2018\/10\/hotel-floridiana-amalfi.png\",\"contentUrl\":\"https:\/\/www.hotelfloridiana.it\/wp-content\/uploads\/2018\/10\/hotel-floridiana-amalfi.png\",\"width\":640,\"height\":190,\"caption\":\"Hotel Floridiana Amalfi\"},\"image\":{\"@id\":\"https:\/\/www.hotelfloridiana.it\/de\/#\/schema\/logo\/image\/\"}}]}<\/script>\n<!-- \/ Yoast SEO plugin. -->","yoast_head_json":{"title":"Wo sind wir - Hotel Floridiana Amalfi","robots":{"index":"index","follow":"follow","max-snippet":"max-snippet:-1","max-image-preview":"max-image-preview:large","max-video-preview":"max-video-preview:-1"},"canonical":"https:\/\/www.hotelfloridiana.it\/de\/wo-wir-sind\/","og_locale":"de_DE","og_type":"article","og_title":"Wo sind wir - Hotel Floridiana Amalfi","og_description":"Um unser Hotel zu finden, m\u00f6chten wir Ihnen einige Informationen, um uns schnell zu finden. Wenn Sie in Amalfi sind, fahren Sie weiter die K\u00fcstenstra\u00dfe hinunter bis zu der Mini-Kreisverkehr vis \u00e0 vis sehen Sie den schmalen Eingang in den Hauptplatz \u201ePIAZZA DUOMO\u201c (links sehen Sie ein Tabak und rechts eine B\u00e4ckerei). FALLS SIE ZU [&hellip;]","og_url":"https:\/\/www.hotelfloridiana.it\/de\/wo-wir-sind\/","og_site_name":"Hotel Floridiana Amalfi","article_modified_time":"2021-07-28T14:16:39+00:00","twitter_card":"summary_large_image","twitter_misc":{"Gesch\u00e4tzte Lesezeit":"3\u00a0Minuten"},"schema":{"@context":"https:\/\/schema.org","@graph":[{"@type":"WebPage","@id":"https:\/\/www.hotelfloridiana.it\/de\/wo-wir-sind\/","url":"https:\/\/www.hotelfloridiana.it\/de\/wo-wir-sind\/","name":"Wo sind wir - Hotel Floridiana Amalfi","isPartOf":{"@id":"https:\/\/www.hotelfloridiana.it\/de\/#website"},"datePublished":"2018-11-27T15:05:28+00:00","dateModified":"2021-07-28T14:16:39+00:00","breadcrumb":{"@id":"https:\/\/www.hotelfloridiana.it\/de\/wo-wir-sind\/#breadcrumb"},"inLanguage":"de","potentialAction":[{"@type":"ReadAction","target":["https:\/\/www.hotelfloridiana.it\/de\/wo-wir-sind\/"]}]},{"@type":"BreadcrumbList","@id":"https:\/\/www.hotelfloridiana.it\/de\/wo-wir-sind\/#breadcrumb","itemListElement":[{"@type":"ListItem","position":1,"name":"Home","item":"https:\/\/www.hotelfloridiana.it\/de\/"},{"@type":"ListItem","position":2,"name":"Wo wir sind"}]},{"@type":"WebSite","@id":"https:\/\/www.hotelfloridiana.it\/de\/#website","url":"https:\/\/www.hotelfloridiana.it\/de\/","name":"Hotel Floridiana Amalfi","description":"Your Hotel in Amalfi","publisher":{"@id":"https:\/\/www.hotelfloridiana.it\/de\/#organization"},"potentialAction":[{"@type":"SearchAction","target":{"@type":"EntryPoint","urlTemplate":"https:\/\/www.hotelfloridiana.it\/de\/?s={search_term_string}"},"query-input":{"@type":"PropertyValueSpecification","valueRequired":true,"valueName":"search_term_string"}}],"inLanguage":"de"},{"@type":"Organization","@id":"https:\/\/www.hotelfloridiana.it\/de\/#organization","name":"Hotel Floridiana Amalfi","url":"https:\/\/www.hotelfloridiana.it\/de\/","logo":{"@type":"ImageObject","inLanguage":"de","@id":"https:\/\/www.hotelfloridiana.it\/de\/#\/schema\/logo\/image\/","url":"https:\/\/www.hotelfloridiana.it\/wp-content\/uploads\/2018\/10\/hotel-floridiana-amalfi.png","contentUrl":"https:\/\/www.hotelfloridiana.it\/wp-content\/uploads\/2018\/10\/hotel-floridiana-amalfi.png","width":640,"height":190,"caption":"Hotel Floridiana Amalfi"},"image":{"@id":"https:\/\/www.hotelfloridiana.it\/de\/#\/schema\/logo\/image\/"}}]}},"_links":{"self":[{"href":"https:\/\/www.hotelfloridiana.it\/de\/wp-json\/wp\/v2\/pages\/601"}],"collection":[{"href":"https:\/\/www.hotelfloridiana.it\/de\/wp-json\/wp\/v2\/pages"}],"about":[{"href":"https:\/\/www.hotelfloridiana.it\/de\/wp-json\/wp\/v2\/types\/page"}],"author":[{"embeddable":true,"href":"https:\/\/www.hotelfloridiana.it\/de\/wp-json\/wp\/v2\/users\/1"}],"replies":[{"embeddable":true,"href":"https:\/\/www.hotelfloridiana.it\/de\/wp-json\/wp\/v2\/comments?post=601"}],"version-history":[{"count":8,"href":"https:\/\/www.hotelfloridiana.it\/de\/wp-json\/wp\/v2\/pages\/601\/revisions"}],"predecessor-version":[{"id":2419,"href":"https:\/\/www.hotelfloridiana.it\/de\/wp-json\/wp\/v2\/pages\/601\/revisions\/2419"}],"wp:attachment":[{"href":"https:\/\/www.hotelfloridiana.it\/de\/wp-json\/wp\/v2\/media?parent=601"}],"curies":[{"name":"wp","href":"https:\/\/api.w.org\/{rel}","templated":true}]}}