{"id":598,"date":"2018-11-27T13:22:24","date_gmt":"2018-11-27T12:22:24","guid":{"rendered":"https:\/\/hotelfloridiana.it\/kontakt\/"},"modified":"2019-01-17T19:57:51","modified_gmt":"2019-01-17T18:57:51","slug":"kontakt","status":"publish","type":"page","link":"https:\/\/www.hotelfloridiana.it\/de\/kontakt\/","title":{"rendered":"Kontaktieren Sie uns"},"content":{"rendered":"\n<div class=\"wpcf7 no-js\" id=\"wpcf7-f595-o1\" lang=\"\" dir=\"ltr\">\n<div class=\"screen-reader-response\"><p role=\"status\" aria-live=\"polite\" aria-atomic=\"true\"><\/p> <ul><\/ul><\/div>\n<form action=\"\/de\/wp-json\/wp\/v2\/pages\/598#wpcf7-f595-o1\" method=\"post\" class=\"wpcf7-form init\" aria-label=\"Kontaktformular\" novalidate=\"novalidate\" data-status=\"init\">\n<div style=\"display: none;\">\n<input type=\"hidden\" name=\"_wpcf7\" value=\"595\" \/>\n<input type=\"hidden\" name=\"_wpcf7_version\" value=\"5.9.8\" \/>\n<input type=\"hidden\" name=\"_wpcf7_locale\" value=\"\" \/>\n<input type=\"hidden\" name=\"_wpcf7_unit_tag\" value=\"wpcf7-f595-o1\" \/>\n<input type=\"hidden\" name=\"_wpcf7_container_post\" value=\"0\" \/>\n<input type=\"hidden\" name=\"_wpcf7_posted_data_hash\" value=\"\" \/>\n<\/div>\n<p><label> Ihr Name (erforderlich)<br \/>\n<span class=\"wpcf7-form-control-wrap\" data-name=\"your-name\"><input size=\"40\" maxlength=\"400\" class=\"wpcf7-form-control wpcf7-text wpcf7-validates-as-required\" aria-required=\"true\" aria-invalid=\"false\" value=\"\" type=\"text\" name=\"your-name\" \/><\/span> <\/label>\n<\/p>\n<p><label> Ihre E-Mail (erforderlich)<br \/>\n<span class=\"wpcf7-form-control-wrap\" data-name=\"your-email\"><input size=\"40\" maxlength=\"400\" class=\"wpcf7-form-control wpcf7-email wpcf7-validates-as-required wpcf7-text wpcf7-validates-as-email\" aria-required=\"true\" aria-invalid=\"false\" value=\"\" type=\"email\" name=\"your-email\" \/><\/span> <\/label>\n<\/p>\n<p><label> Gegenstand<br \/>\n<span class=\"wpcf7-form-control-wrap\" data-name=\"your-subject\"><input size=\"40\" maxlength=\"400\" class=\"wpcf7-form-control wpcf7-text\" aria-invalid=\"false\" value=\"\" type=\"text\" name=\"your-subject\" \/><\/span> <\/label>\n<\/p>\n<p><label> Deine Nachricht<br \/>\n<span class=\"wpcf7-form-control-wrap\" data-name=\"your-message\"><textarea cols=\"40\" rows=\"10\" maxlength=\"2000\" class=\"wpcf7-form-control wpcf7-textarea\" aria-invalid=\"false\" name=\"your-message\"><\/textarea><\/span> <\/label>\n<\/p>\n<p><span class=\"wpcf7-form-control-wrap\" data-name=\"acceptance-dati-particolari\"><span class=\"wpcf7-form-control wpcf7-acceptance\"><span class=\"wpcf7-list-item\"><label><input type=\"checkbox\" name=\"acceptance-dati-particolari\" value=\"1\" aria-invalid=\"false\" \/><span class=\"wpcf7-list-item-label\">Die Verarbeitung der personenbezogenen Daten zu den in den Informationen angegebenen Zwecken genehmigen und insbesondere der m\u00f6glichen Verarbeitung bestimmter Daten gem\u00e4\u00df Art. 1 ausdr\u00fccklich zustimmen. 9 GDPR<\/span><\/label><\/span><\/span><\/span>\n<\/p>\n<p><span class=\"wpcf7-form-control-wrap\" data-name=\"acceptance-GDPR\"><span class=\"wpcf7-form-control wpcf7-acceptance\"><span class=\"wpcf7-list-item\"><label><input type=\"checkbox\" name=\"acceptance-GDPR\" value=\"1\" aria-invalid=\"false\" \/><span class=\"wpcf7-list-item-label\">Durch die Verwendung dieses Formulars erkl\u00e4ren Sie sich mit der Speicherung und Behandlung Ihrer Daten durch das Hotel Floridiana einverstanden und Sie geben uns die Erlaubnis, Sie gem\u00e4\u00df unseren Richtlinien per E-Mail zu kontaktieren <a href=\"\/privacy-policy\/\">Privacy Policy<\/a><\/span><\/label><\/span><\/span><\/span>\n<\/p>\n<p><input class=\"wpcf7-form-control wpcf7-submit has-spinner\" type=\"submit\" value=\"Senden\" \/>\n<\/p><input type=\"text\" name=\"IxXkf\" value=\"\" style=\"display: none !important;\" \/><div class=\"wpcf7-response-output\" aria-hidden=\"true\"><\/div>\n<\/form>\n<\/div>\n\n","protected":false},"excerpt":{"rendered":"","protected":false},"author":1,"featured_media":0,"parent":0,"menu_order":0,"comment_status":"closed","ping_status":"closed","template":"","meta":{"footnotes":""},"yoast_head":"<!-- This site is optimized with the Yoast SEO plugin v23.5 - https:\/\/yoast.com\/wordpress\/plugins\/seo\/ -->\n<title>Kontaktieren Sie uns - Hotel Floridiana Amalfi<\/title>\n<meta name=\"robots\" content=\"index, follow, max-snippet:-1, max-image-preview:large, max-video-preview:-1\" \/>\n<link rel=\"canonical\" href=\"https:\/\/www.hotelfloridiana.it\/de\/kontakt\/\" \/>\n<meta property=\"og:locale\" content=\"de_DE\" \/>\n<meta property=\"og:type\" content=\"article\" \/>\n<meta property=\"og:title\" content=\"Kontaktieren Sie uns - Hotel Floridiana Amalfi\" \/>\n<meta property=\"og:url\" content=\"https:\/\/www.hotelfloridiana.it\/de\/kontakt\/\" \/>\n<meta property=\"og:site_name\" content=\"Hotel Floridiana Amalfi\" \/>\n<meta property=\"article:modified_time\" content=\"2019-01-17T18:57:51+00:00\" \/>\n<meta name=\"twitter:card\" content=\"summary_large_image\" \/>\n<script type=\"application\/ld+json\" class=\"yoast-schema-graph\">{\"@context\":\"https:\/\/schema.org\",\"@graph\":[{\"@type\":\"WebPage\",\"@id\":\"https:\/\/www.hotelfloridiana.it\/de\/kontakt\/\",\"url\":\"https:\/\/www.hotelfloridiana.it\/de\/kontakt\/\",\"name\":\"Kontaktieren Sie uns - Hotel Floridiana Amalfi\",\"isPartOf\":{\"@id\":\"https:\/\/www.hotelfloridiana.it\/de\/#website\"},\"datePublished\":\"2018-11-27T12:22:24+00:00\",\"dateModified\":\"2019-01-17T18:57:51+00:00\",\"breadcrumb\":{\"@id\":\"https:\/\/www.hotelfloridiana.it\/de\/kontakt\/#breadcrumb\"},\"inLanguage\":\"de\",\"potentialAction\":[{\"@type\":\"ReadAction\",\"target\":[\"https:\/\/www.hotelfloridiana.it\/de\/kontakt\/\"]}]},{\"@type\":\"BreadcrumbList\",\"@id\":\"https:\/\/www.hotelfloridiana.it\/de\/kontakt\/#breadcrumb\",\"itemListElement\":[{\"@type\":\"ListItem\",\"position\":1,\"name\":\"Home\",\"item\":\"https:\/\/www.hotelfloridiana.it\/de\/\"},{\"@type\":\"ListItem\",\"position\":2,\"name\":\"Kontaktieren Sie uns\"}]},{\"@type\":\"WebSite\",\"@id\":\"https:\/\/www.hotelfloridiana.it\/de\/#website\",\"url\":\"https:\/\/www.hotelfloridiana.it\/de\/\",\"name\":\"Hotel Floridiana Amalfi\",\"description\":\"Your Hotel in Amalfi\",\"publisher\":{\"@id\":\"https:\/\/www.hotelfloridiana.it\/de\/#organization\"},\"potentialAction\":[{\"@type\":\"SearchAction\",\"target\":{\"@type\":\"EntryPoint\",\"urlTemplate\":\"https:\/\/www.hotelfloridiana.it\/de\/?s={search_term_string}\"},\"query-input\":{\"@type\":\"PropertyValueSpecification\",\"valueRequired\":true,\"valueName\":\"search_term_string\"}}],\"inLanguage\":\"de\"},{\"@type\":\"Organization\",\"@id\":\"https:\/\/www.hotelfloridiana.it\/de\/#organization\",\"name\":\"Hotel Floridiana Amalfi\",\"url\":\"https:\/\/www.hotelfloridiana.it\/de\/\",\"logo\":{\"@type\":\"ImageObject\",\"inLanguage\":\"de\",\"@id\":\"https:\/\/www.hotelfloridiana.it\/de\/#\/schema\/logo\/image\/\",\"url\":\"https:\/\/www.hotelfloridiana.it\/wp-content\/uploads\/2018\/10\/hotel-floridiana-amalfi.png\",\"contentUrl\":\"https:\/\/www.hotelfloridiana.it\/wp-content\/uploads\/2018\/10\/hotel-floridiana-amalfi.png\",\"width\":640,\"height\":190,\"caption\":\"Hotel Floridiana Amalfi\"},\"image\":{\"@id\":\"https:\/\/www.hotelfloridiana.it\/de\/#\/schema\/logo\/image\/\"}}]}<\/script>\n<!-- \/ Yoast SEO plugin. -->","yoast_head_json":{"title":"Kontaktieren Sie uns - Hotel Floridiana Amalfi","robots":{"index":"index","follow":"follow","max-snippet":"max-snippet:-1","max-image-preview":"max-image-preview:large","max-video-preview":"max-video-preview:-1"},"canonical":"https:\/\/www.hotelfloridiana.it\/de\/kontakt\/","og_locale":"de_DE","og_type":"article","og_title":"Kontaktieren Sie uns - Hotel Floridiana Amalfi","og_url":"https:\/\/www.hotelfloridiana.it\/de\/kontakt\/","og_site_name":"Hotel Floridiana Amalfi","article_modified_time":"2019-01-17T18:57:51+00:00","twitter_card":"summary_large_image","schema":{"@context":"https:\/\/schema.org","@graph":[{"@type":"WebPage","@id":"https:\/\/www.hotelfloridiana.it\/de\/kontakt\/","url":"https:\/\/www.hotelfloridiana.it\/de\/kontakt\/","name":"Kontaktieren Sie uns - Hotel Floridiana Amalfi","isPartOf":{"@id":"https:\/\/www.hotelfloridiana.it\/de\/#website"},"datePublished":"2018-11-27T12:22:24+00:00","dateModified":"2019-01-17T18:57:51+00:00","breadcrumb":{"@id":"https:\/\/www.hotelfloridiana.it\/de\/kontakt\/#breadcrumb"},"inLanguage":"de","potentialAction":[{"@type":"ReadAction","target":["https:\/\/www.hotelfloridiana.it\/de\/kontakt\/"]}]},{"@type":"BreadcrumbList","@id":"https:\/\/www.hotelfloridiana.it\/de\/kontakt\/#breadcrumb","itemListElement":[{"@type":"ListItem","position":1,"name":"Home","item":"https:\/\/www.hotelfloridiana.it\/de\/"},{"@type":"ListItem","position":2,"name":"Kontaktieren Sie uns"}]},{"@type":"WebSite","@id":"https:\/\/www.hotelfloridiana.it\/de\/#website","url":"https:\/\/www.hotelfloridiana.it\/de\/","name":"Hotel Floridiana Amalfi","description":"Your Hotel in Amalfi","publisher":{"@id":"https:\/\/www.hotelfloridiana.it\/de\/#organization"},"potentialAction":[{"@type":"SearchAction","target":{"@type":"EntryPoint","urlTemplate":"https:\/\/www.hotelfloridiana.it\/de\/?s={search_term_string}"},"query-input":{"@type":"PropertyValueSpecification","valueRequired":true,"valueName":"search_term_string"}}],"inLanguage":"de"},{"@type":"Organization","@id":"https:\/\/www.hotelfloridiana.it\/de\/#organization","name":"Hotel Floridiana Amalfi","url":"https:\/\/www.hotelfloridiana.it\/de\/","logo":{"@type":"ImageObject","inLanguage":"de","@id":"https:\/\/www.hotelfloridiana.it\/de\/#\/schema\/logo\/image\/","url":"https:\/\/www.hotelfloridiana.it\/wp-content\/uploads\/2018\/10\/hotel-floridiana-amalfi.png","contentUrl":"https:\/\/www.hotelfloridiana.it\/wp-content\/uploads\/2018\/10\/hotel-floridiana-amalfi.png","width":640,"height":190,"caption":"Hotel Floridiana Amalfi"},"image":{"@id":"https:\/\/www.hotelfloridiana.it\/de\/#\/schema\/logo\/image\/"}}]}},"_links":{"self":[{"href":"https:\/\/www.hotelfloridiana.it\/de\/wp-json\/wp\/v2\/pages\/598"}],"collection":[{"href":"https:\/\/www.hotelfloridiana.it\/de\/wp-json\/wp\/v2\/pages"}],"about":[{"href":"https:\/\/www.hotelfloridiana.it\/de\/wp-json\/wp\/v2\/types\/page"}],"author":[{"embeddable":true,"href":"https:\/\/www.hotelfloridiana.it\/de\/wp-json\/wp\/v2\/users\/1"}],"replies":[{"embeddable":true,"href":"https:\/\/www.hotelfloridiana.it\/de\/wp-json\/wp\/v2\/comments?post=598"}],"version-history":[{"count":1,"href":"https:\/\/www.hotelfloridiana.it\/de\/wp-json\/wp\/v2\/pages\/598\/revisions"}],"predecessor-version":[{"id":871,"href":"https:\/\/www.hotelfloridiana.it\/de\/wp-json\/wp\/v2\/pages\/598\/revisions\/871"}],"wp:attachment":[{"href":"https:\/\/www.hotelfloridiana.it\/de\/wp-json\/wp\/v2\/media?parent=598"}],"curies":[{"name":"wp","href":"https:\/\/api.w.org\/{rel}","templated":true}]}}