{"id":333,"date":"2018-10-26T13:39:30","date_gmt":"2018-10-26T11:39:30","guid":{"rendered":"https:\/\/hotelfloridiana.it\/?page_id=333"},"modified":"2022-07-19T17:47:50","modified_gmt":"2022-07-19T15:47:50","slug":"privacy-policy","status":"publish","type":"page","link":"https:\/\/www.hotelfloridiana.it\/de\/privacy-policy\/","title":{"rendered":"Datenschutz und Cookie-Politik"},"content":{"rendered":"<p><em>Under translation<\/em><\/p>\n<h2>LA PRIVACY POLICY DI QUESTO SITO<\/h2>\n<p>In questa pagina si descrivono le modalit\u00e0 di gestione del sito in riferimento al trattamento dei dati personali degli utenti che lo consultano.<\/p>\n<p>Si tratta di un\u2019informativa resa ai sensi del Regolamento UE 2016\/679 del 27 aprile 2016 (GDPR) a coloro che interagiscono con i servizi web di <strong>Hotel Floridiana \u2013 Loser S.r.l.<\/strong>, accessibili per via telematica a partire dall\u2019indirizzo:<\/p>\n<p><a href=\"http:\/\/www.hotelfloridiana.it\">www.hotelfloridiana.it<\/a><br \/>\ncorrispondente alla pagina iniziale del sito di propriet\u00e0 di <strong>Loser S.r.l.<\/strong>. L\u2019informativa \u00e8 resa solo per il sito sopra indicato e non anche per gli altri siti web eventualmente consultati dall\u2019utente tramite link.<\/p>\n<h2>TITOLARE DEL TRATTAMENTO<\/h2>\n<p>Il Titolare del trattamento \u00e8 <strong>Hotel Floridiana \u2013 Loser S.r.l.<\/strong> che ha sede in via Brancia 1, Amalfi, p.iva 03944560659, e-mail: <a href=\"mailto:info@hotelfloridiana.it\">info@hotelfloridiana.it<\/a>.<\/p>\n<h2>RESPONSABILI DEL TRATTAMENTO<\/h2>\n<p>L\u2019elenco completo e aggiornato dei soggetti designati responsabili del trattamento \u00e8 disponibile, su richiesta dell\u2019interessato, presso la sede del titolare.<\/p>\n<h2>TIPOLOGIE DI DATI TRATTATI<\/h2>\n<h3>Dati di navigazione<\/h3>\n<p>I sistemi informatici e le procedure software preposte al funzionamento di questo sito web acquisiscono, nel corso del loro normale esercizio, alcuni dati personali la cui trasmissione \u00e8 implicita nell\u2019uso dei protocolli di comunicazione di Internet. Si tratta di informazioni che non sono raccolte per essere associate a interessati identificati, ma che per loro stessa natura potrebbero, attraverso elaborazioni ed associazioni con dati detenuti da terzi, permettere di identificare gli utenti.<\/p>\n<p>In questa categoria di dati rientrano gli indirizzi IP o i nomi a dominio dei computer utilizzati dagli utenti che si connettono al sito, gli indirizzi in notazione URI (Uniform Resource Identifier) delle risorse richieste, l\u2019orario della richiesta, il metodo utilizzato nel sottoporre la richiesta al server, la dimensione del file ottenuto in risposta, il codice numerico indicante lo stato della risposta data dal server (buon fine, errore, ecc.) ed altri parametri relativi al sistema operativo e all\u2019ambiente informatico dell\u2019utente.<\/p>\n<p>Questi dati vengono utilizzati al solo fine di ricavare informazioni statistiche anonime sull\u2019uso del sito e per controllarne il corretto funzionamento. I dati potrebbero essere utilizzati per l\u2019accertamento di responsabilit\u00e0 in caso di ipotetici reati informatici ai danni del sito.<\/p>\n<h3>Dati comunicati volontariamente dall\u2019utente<\/h3>\n<p>Salvo quanto detto per i dati di navigazione e i cookies utilizzati sul sito web <a href=\"http:\/\/www.hotelfloridiana.it\">www.hotelfloridiana.it<\/a> sei sempre libero di fornire i tuoi dati personali.<\/p>\n<p>La richiesta di informazioni e\/o preventivi comportano l\u2019acquisizione dei tuoi dati di contatto, necessari a rispondere, nonch\u00e9 di tutti i dati personali inclusi nelle comunicazioni.<\/p>\n<p>I dati trattati potranno comprendere anche <strong>categorie particolari di dati<\/strong> da te forniti volontariamente nel campo note del form di prenotazione, perch\u00e9 strumentali all\u2019erogazione dei nostri servizi (es. allergie, persone diversamente abili, informazioni sullo stato di salute, ecc.).<\/p>\n<p>Le categorie particolari di dati personali che saranno comunicati per ottemperare ad alcune specifiche richieste saranno da noi trattati con la massima riservatezza per lo stretto tempo necessario ad espletare la richiesta e non saranno oggetto di diffusione.<\/p>\n<p>Per la richiesta di fornitura di servizi il conferimento dei dati personali \u00e8 indispensabile e obbligatorio per l\u2019esecuzione del rapporto contrattuale (es. concludere e dare esecuzione al servizio di prenotazione richiesto) Pertanto il mancato conferimento degli stessi potrebbe comportare l\u2019impossibilit\u00e0 di dare esecuzione alla tua richiesta.<\/p>\n<h2>COMUNICAZIONE E DIFFUSIONE DEI DATI<\/h2>\n<p>I dati personali da te forniti sono utilizzati al solo fine di eseguire il servizio o la prestazione richiesta e non sono comunicati a terzi, tranne nei seguenti possibili casi:<\/p>\n<ul>\n<li>fornitori indipendenti che potranno trattare i dati personali necessari per svolgere le funzioni loro affidate ai fini dell\u2019esecuzione di obblighi contrattuali, ma non potranno utilizzarli per altri scopi, nel rispetto delle garanzie previste dalla legge. I dati relativi alla carta di credito, saranno trattarti nel rispetto della normativa applicabile e trasmetti attraverso un protocollo di rete sicuro secondo gli standard di sicurezza internazionali;<\/li>\n<li>persone, societ\u00e0 o studi professionali che prestino attivit\u00e0 di assistenza e consulenza in materia contabile, amministrativa, legale, tributaria, finanziaria e tecnica;<\/li>\n<li>soggetti cui la facolt\u00e0 di accedere ai dati sia riconosciuta da disposizioni di legge o da ordini delle autorit\u00e0.<\/li>\n<\/ul>\n<p>I trattamenti connessi ai servizi web sono curati solo da personale tecnico incaricato del trattamento, oppure da eventuali incaricati di occasionali operazioni di manutenzione. Nessun dato derivante dal servizio web viene comunicato o diffuso a terzi.<\/p>\n<h2>CONSERVAZIONE DEI DATI RACCOLTI<\/h2>\n<p>Il trattamento dei dati personali verr\u00e0 effettuato sia mediante supporti cartacei, sia attraverso l\u2019ausilio di mezzi informatici per il tempo necessario a conseguire gli scopi per cui sono stati raccolti o comunque per il tempo necessario per l\u2019accertamento, l\u2019esercizio e la difesa in sede giudiziaria dei nostri diritti e dei diritti degli utenti.<\/p>\n<h2>PROTEZIONE DEI DATI<\/h2>\n<p>Ci impegniamo a proteggere i dati personali dei nostri utenti. Per questo motivo abbiamo predisposto ed adottiamo misure tecniche e organizzative adeguate per garantire la sicurezza dei dati personali forniti.<\/p>\n<p>In particolare:<\/p>\n<ul>\n<li>verifichiamo le nostre prassi per le attivit\u00e0 di acquisizione, conservazione e trattamento dei dati, misure di sicurezza fisica comprese, allo scopo di impedire l\u2019accesso non autorizzato ai sistemi;<\/li>\n<li>facciamo uso di tecnologie di crittografia, ove appropriato;<\/li>\n<li>facciamo uso di misure di protezione mediante password, ove appropriato;<\/li>\n<li>limitiamo l\u2019accesso ai dati personali ai soli dipendenti e collaboratori che hanno la necessit\u00e0 di accedere a tali dati al fine di elaborarli per nostro conto e sotto rigidi obblighi di riservatezza contrattuali.<\/li>\n<\/ul>\n<h2>COOKIE POLICY<\/h2>\n<h3>Informativa Estesa<\/h3>\n<p>Il sito web <a href=\"http:\/\/www.hotelfloridiana.it\">www.hotelfloridiana.it<\/a> utilizza cookie e\/o tecnologie analoghe per garantire il corretto funzionamento delle procedure e una migliore esperienza nell\u2019uso delle applicazioni online. In questa pagina forniamo le informazioni dettagliate sull\u2019uso dei cookie e delle tecnologie assimilabili, su come sono utilizzati e su come gestirli, in adeguamento alla recente normativa italiana ed europea relativa agli obblighi di informazione e tutela degli utenti dei siti web.<\/p>\n<p>Nello specifico ti informiamo che il sito non usa n\u00e9 user\u00e0 mai cookie di tracciamento n\u00e9 di profilazione, ma solo quelli strettamente necessari al funzionamento e all\u2019analisi strutturata delle prestazioni e del traffico.<\/p>\n<h3>Definizioni<\/h3>\n<p>I cookie sono brevi stringhe di testo (lettere e\/o numeri) che permettono al web server di memorizzare sul client (il browser) informazioni da riutilizzare nel corso della medesima visita al sito (cookie di sessione) o in seguito, anche a distanza di giorni (cookie persistenti). I cookie vengono memorizzati, in base alle preferenze dell\u2019utente, dal singolo browser sullo specifico dispositivo utilizzato (computer, tablet, smartphone).<\/p>\n<h3>Tipologie di cookie<\/h3>\n<p>In base alle caratteristiche e all\u2019utilizzo dei cookie possiamo distinguere diverse categorie:<\/p>\n<ul>\n<li>Cookie strettamente necessari. Si tratta di cookie indispensabili per il corretto funzionamento del sito\u00a0<a href=\"http:\/\/www.hotelfloridiana.it\">www.hotelfloridiana.it<\/a> e sono utilizzati per gestire il login e l\u2019accesso alle funzioni riservate del sito. La durata dei cookie \u00e8 strettamente limitata alla sessione di lavoro (chiuso il browser vengono cancellati).<\/li>\n<li>Cookie di analisi e prestazioni. Sono cookie utilizzati per raccogliere e analizzare il traffico e l\u2019utilizzo del sito in modo anonimo. Questi cookie, pur senza identificare l\u2019utente, consentono, per esempio, di rilevare se il medesimo utente torna a collegarsi in momenti diversi. Permettono inoltre di monitorare il sistema e migliorarne le prestazioni e l\u2019usabilit\u00e0. La disattivazione di tali cookie pu\u00f2 essere eseguita senza alcuna perdita di funzionalit\u00e0.<\/li>\n<li>Cookie di profilazione. Si tratta di cookie permanenti utilizzati per identificare (in modo anonimo e non) le preferenze dell\u2019utente e migliorare la sua esperienza di navigazione. Il sito\u00a0<a href=\"http:\/\/www.hotelfloridiana.it\">www.hotelfloridiana.it<\/a> non utilizza cookie di questo tipo.<\/li>\n<\/ul>\n<h3>Cookie di terze parti<\/h3>\n<p>Quando si visita un sito web \u00e8 possibile ricevere cookie sia dal sito che si sta visitando (\u201ccookie proprietari\u201d), sia da siti gestiti da altre organizzazioni (detti di \u201cterze parti\u201d).<\/p>\n<h3>Durata dei cookie<\/h3>\n<p>Alcuni cookie (cookie di sessione) restano attivi solo fino alla chiusura del browser o all\u2019esecuzione del comando di logout. Altri cookie \u201csopravvivono\u201d alla chiusura del browser e sono disponibili anche in successive visite dell\u2019utente.<\/p>\n<p>Questi cookie sono detti persistenti e la loro durata \u00e8 fissata dal server al momento della loro creazione. In alcuni casi \u00e8 fissata una scadenza, in altri casi la durata \u00e8 illimitata.<\/p>\n<p>Tuttavia, navigando sulle pagine del sito web <a href=\"http:\/\/www.hotelfloridiana.it\">www.hotelfloridiana.it<\/a>, si pu\u00f2 interagire con siti gestiti da terze parti che possono creare o modificare cookie permanenti e di profilazione.<\/p>\n<h3>Gestione dei cookie<\/h3>\n<p>Puoi decidere se accettare o meno i cookie utilizzando le impostazioni del tuo browser.<\/p>\n<p><strong>Attenzione<\/strong>: la disabilitazione totale o parziale dei cookie tecnici pu\u00f2 compromettere l\u2019utilizzo delle funzionalit\u00e0 del sito riservate agli utenti registrati. Al contrario, la fruibilit\u00e0 dei contenuti pubblici \u00e8 possibile anche disabilitando completamente i cookie. La disabilitazione dei cookie \u201cterze parti\u201d non pregiudica in alcun modo la navigabilit\u00e0.<\/p>\n<p>Una lista aggiornata con le istruzioni per la gestione dei cookies nei browser pi\u00f9 utilizzati pu\u00f2 essere consultata alla pagina <a href=\"http:\/\/ikb.itncentral.com\/ikb\/gestione-cookie-nei-browser\/\">http:\/\/ikb.itncentral.com\/ikb\/gestione-cookie-nei-browser\/<\/a>.<\/p>\n<h2>MODALIT\u00c0 DEL TRATTAMENTO<\/h2>\n<p>I dati personali sono trattati con strumenti automatizzati. Specifiche misure di sicurezza sono osservate per prevenire la perdita dei dati, usi illeciti o non corretti ed accessi non autorizzati.<\/p>\n<h2>DIRITTI DEGLI INTERESSATI<\/h2>\n<p>Potrai rivolgerti direttamente al Titolare o al Responsabile per far valere i tuoi diritti, cos\u00ec come previsto dalla Normativa Applicabile.<\/p>\n<p>I diritti garantiti dalla Normativa Applicabile, potranno essere esercitati contattando il Titolare, a mezzo raccomandata a\/r presso la sede legale di Hotel Floridiana \u2013 Loser S.r.l., ovvero inviando un messaggio di posta elettronica al seguente indirizzo <a href=\"mailto:info@hotelfloridiana.it\">info@hotelfloridiana.it<\/a>.<\/p>\n<p>Ai sensi della Normativa Applicabile, ti informiamo che hai il diritto di ottenere l\u2019indicazione (i) dell\u2019origine dei dati personali; (ii) delle finalit\u00e0 e modalit\u00e0 del trattamento; (iii) della logica applicata in caso di trattamento effettuato con l\u2019ausilio di strumenti elettronici; (iv) degli estremi identificativi del Titolare e dei Responsabili; (v) dei soggetti o delle categorie di soggetti ai quali i dati personali possono essere comunicati o che possono venirne a conoscenza in qualit\u00e0 di responsabili o incaricati.<\/p>\n<p>Inoltre, hai il diritto di ottenere:<\/p>\n<ol type=\"a\">\n<li>l\u2019accesso, l\u2019aggiornamento, la rettificazione ovvero, quando vi \u00e8 interesse, l\u2019integrazione dei dati;<\/li>\n<li>la cancellazione, la trasformazione in forma anonima o il blocco dei dati trattati in violazione di legge, compresi quelli di cui non \u00e8 necessaria la conservazione in relazione agli scopi per i quali i dati sono stati raccolti o successivamente trattati;<\/li>\n<li>l\u2019attestazione che le operazioni di cui alle lettere a) e b) sono state portate a conoscenza, anche per quanto riguarda il loro contenuto, di coloro ai quali i dati sono stati comunicati o diffusi, eccettuato il caso in cui tale adempimento si rivela impossibile o comporta un impiego di mezzi manifestamente sproporzionato rispetto al diritto tutelato.<\/li>\n<\/ol>\n<p>Inoltre, hai:<\/p>\n<ol type=\"a\">\n<li>il diritto di revocare il consenso, in qualsiasi momento, nel caso in cui abbia acconsentito al trattamento dei dati personali per le finalit\u00e0 commerciali e di marketing;<\/li>\n<li>se applicabile il diritto alla portabilit\u00e0 dei dati (diritto di ricevere tutti i dati personali che ti riguardano in un formato strutturato, di uso comune e leggibile da dispositivo automatico), il diritto alla limitazione del trattamento dei dati personali e il diritto alla cancellazione (\u201cdiritto all\u2019oblio\u201d);<\/li>\n<li>il diritto di opporsi in tutto o in parte, per motivi connessi alla tua situazione personale, al trattamento dei dati personali che ti riguardano, ancorch\u00e9 pertinenti allo scopo della raccolta, nonch\u00e9 di opporsi, in ogni momento, al trattamento di dati per finalit\u00e0 di marketing ovvero di opporsi solo con riguardo ad alcune modalit\u00e0;<\/li>\n<li>qualora tu ritenga che il trattamento dei dati personali svolto dal Titolare violi il Regolamento, hai il diritto di proporre reclamo a un\u2019Autorit\u00e0 di controllo (nello Stato membro in cui risiede abitualmente, in quello in cui lavora oppure in quello in cui si \u00e8 verificata la presunta violazione). L\u2019Autorit\u00e0 di controllo italiana \u00e8 il Garante per la protezione dei dati personali, con sede in Piazza di Monte Citorio n. 121, 00186 \u2013 Roma (<a href=\"http:\/\/www.garanteprivacy.it\/\">http:\/\/www.garanteprivacy.it\/<\/a>).<\/li>\n<\/ol>\n<p>Considerando che lo stato di perfezionamento dei meccanismi automatici di controllo non li rende attualmente esenti da errori e disfunzioni, si precisa che il presente documento, pubblicato all\u2019indirizzo<\/p>\n<p><a href=\"https:\/\/hotelfloridiana.it\/privacy-policy\">https:\/\/hotelfloridiana.it\/privacy-policy<\/a><\/p>\n<p>costituisce la \u201cPrivacy Policy\u201d di questo sito che sar\u00e0 soggetta ad aggiornamenti (restano le varie versioni consultabili al medesimo indirizzo).<\/p>\n<p>&nbsp;<\/p>\n","protected":false},"excerpt":{"rendered":"<p>Under translation LA PRIVACY POLICY DI QUESTO SITO In questa pagina si descrivono le modalit\u00e0 di gestione del sito in riferimento al trattamento dei dati personali degli utenti che lo consultano. Si tratta di un\u2019informativa resa ai sensi del Regolamento UE 2016\/679 del 27 aprile 2016 (GDPR) a coloro che interagiscono con i servizi web [&hellip;]<\/p>\n","protected":false},"author":1,"featured_media":0,"parent":0,"menu_order":0,"comment_status":"closed","ping_status":"closed","template":"","meta":{"footnotes":""},"yoast_head":"<!-- This site is optimized with the Yoast SEO plugin v23.5 - https:\/\/yoast.com\/wordpress\/plugins\/seo\/ -->\n<title>Datenschutz und Cookie-Politik - Hotel Floridiana Amalfi<\/title>\n<meta name=\"robots\" content=\"index, follow, max-snippet:-1, max-image-preview:large, max-video-preview:-1\" \/>\n<link rel=\"canonical\" href=\"https:\/\/www.hotelfloridiana.it\/de\/privacy-policy\/\" \/>\n<meta property=\"og:locale\" content=\"de_DE\" \/>\n<meta property=\"og:type\" content=\"article\" \/>\n<meta property=\"og:title\" content=\"Datenschutz und Cookie-Politik - Hotel Floridiana Amalfi\" \/>\n<meta property=\"og:description\" content=\"Under translation LA PRIVACY POLICY DI QUESTO SITO In questa pagina si descrivono le modalit\u00e0 di gestione del sito in riferimento al trattamento dei dati personali degli utenti che lo consultano. Si tratta di un\u2019informativa resa ai sensi del Regolamento UE 2016\/679 del 27 aprile 2016 (GDPR) a coloro che interagiscono con i servizi web [&hellip;]\" \/>\n<meta property=\"og:url\" content=\"https:\/\/www.hotelfloridiana.it\/de\/privacy-policy\/\" \/>\n<meta property=\"og:site_name\" content=\"Hotel Floridiana Amalfi\" \/>\n<meta property=\"article:modified_time\" content=\"2022-07-19T15:47:50+00:00\" \/>\n<meta name=\"twitter:card\" content=\"summary_large_image\" \/>\n<meta name=\"twitter:label1\" content=\"Gesch\u00e4tzte Lesezeit\" \/>\n\t<meta name=\"twitter:data1\" content=\"12\u00a0Minuten\" \/>\n<script type=\"application\/ld+json\" class=\"yoast-schema-graph\">{\"@context\":\"https:\/\/schema.org\",\"@graph\":[{\"@type\":\"WebPage\",\"@id\":\"https:\/\/www.hotelfloridiana.it\/de\/privacy-policy\/\",\"url\":\"https:\/\/www.hotelfloridiana.it\/de\/privacy-policy\/\",\"name\":\"Datenschutz und Cookie-Politik - Hotel Floridiana Amalfi\",\"isPartOf\":{\"@id\":\"https:\/\/www.hotelfloridiana.it\/de\/#website\"},\"datePublished\":\"2018-10-26T11:39:30+00:00\",\"dateModified\":\"2022-07-19T15:47:50+00:00\",\"breadcrumb\":{\"@id\":\"https:\/\/www.hotelfloridiana.it\/de\/privacy-policy\/#breadcrumb\"},\"inLanguage\":\"de\",\"potentialAction\":[{\"@type\":\"ReadAction\",\"target\":[\"https:\/\/www.hotelfloridiana.it\/de\/privacy-policy\/\"]}]},{\"@type\":\"BreadcrumbList\",\"@id\":\"https:\/\/www.hotelfloridiana.it\/de\/privacy-policy\/#breadcrumb\",\"itemListElement\":[{\"@type\":\"ListItem\",\"position\":1,\"name\":\"Home\",\"item\":\"https:\/\/www.hotelfloridiana.it\/de\/\"},{\"@type\":\"ListItem\",\"position\":2,\"name\":\"Datenschutz und Cookie-Politik\"}]},{\"@type\":\"WebSite\",\"@id\":\"https:\/\/www.hotelfloridiana.it\/de\/#website\",\"url\":\"https:\/\/www.hotelfloridiana.it\/de\/\",\"name\":\"Hotel Floridiana Amalfi\",\"description\":\"Your Hotel in Amalfi\",\"publisher\":{\"@id\":\"https:\/\/www.hotelfloridiana.it\/de\/#organization\"},\"potentialAction\":[{\"@type\":\"SearchAction\",\"target\":{\"@type\":\"EntryPoint\",\"urlTemplate\":\"https:\/\/www.hotelfloridiana.it\/de\/?s={search_term_string}\"},\"query-input\":{\"@type\":\"PropertyValueSpecification\",\"valueRequired\":true,\"valueName\":\"search_term_string\"}}],\"inLanguage\":\"de\"},{\"@type\":\"Organization\",\"@id\":\"https:\/\/www.hotelfloridiana.it\/de\/#organization\",\"name\":\"Hotel Floridiana Amalfi\",\"url\":\"https:\/\/www.hotelfloridiana.it\/de\/\",\"logo\":{\"@type\":\"ImageObject\",\"inLanguage\":\"de\",\"@id\":\"https:\/\/www.hotelfloridiana.it\/de\/#\/schema\/logo\/image\/\",\"url\":\"https:\/\/www.hotelfloridiana.it\/wp-content\/uploads\/2018\/10\/hotel-floridiana-amalfi.png\",\"contentUrl\":\"https:\/\/www.hotelfloridiana.it\/wp-content\/uploads\/2018\/10\/hotel-floridiana-amalfi.png\",\"width\":640,\"height\":190,\"caption\":\"Hotel Floridiana Amalfi\"},\"image\":{\"@id\":\"https:\/\/www.hotelfloridiana.it\/de\/#\/schema\/logo\/image\/\"}}]}<\/script>\n<!-- \/ Yoast SEO plugin. -->","yoast_head_json":{"title":"Datenschutz und Cookie-Politik - Hotel Floridiana Amalfi","robots":{"index":"index","follow":"follow","max-snippet":"max-snippet:-1","max-image-preview":"max-image-preview:large","max-video-preview":"max-video-preview:-1"},"canonical":"https:\/\/www.hotelfloridiana.it\/de\/privacy-policy\/","og_locale":"de_DE","og_type":"article","og_title":"Datenschutz und Cookie-Politik - Hotel Floridiana Amalfi","og_description":"Under translation LA PRIVACY POLICY DI QUESTO SITO In questa pagina si descrivono le modalit\u00e0 di gestione del sito in riferimento al trattamento dei dati personali degli utenti che lo consultano. Si tratta di un\u2019informativa resa ai sensi del Regolamento UE 2016\/679 del 27 aprile 2016 (GDPR) a coloro che interagiscono con i servizi web [&hellip;]","og_url":"https:\/\/www.hotelfloridiana.it\/de\/privacy-policy\/","og_site_name":"Hotel Floridiana Amalfi","article_modified_time":"2022-07-19T15:47:50+00:00","twitter_card":"summary_large_image","twitter_misc":{"Gesch\u00e4tzte Lesezeit":"12\u00a0Minuten"},"schema":{"@context":"https:\/\/schema.org","@graph":[{"@type":"WebPage","@id":"https:\/\/www.hotelfloridiana.it\/de\/privacy-policy\/","url":"https:\/\/www.hotelfloridiana.it\/de\/privacy-policy\/","name":"Datenschutz und Cookie-Politik - Hotel Floridiana Amalfi","isPartOf":{"@id":"https:\/\/www.hotelfloridiana.it\/de\/#website"},"datePublished":"2018-10-26T11:39:30+00:00","dateModified":"2022-07-19T15:47:50+00:00","breadcrumb":{"@id":"https:\/\/www.hotelfloridiana.it\/de\/privacy-policy\/#breadcrumb"},"inLanguage":"de","potentialAction":[{"@type":"ReadAction","target":["https:\/\/www.hotelfloridiana.it\/de\/privacy-policy\/"]}]},{"@type":"BreadcrumbList","@id":"https:\/\/www.hotelfloridiana.it\/de\/privacy-policy\/#breadcrumb","itemListElement":[{"@type":"ListItem","position":1,"name":"Home","item":"https:\/\/www.hotelfloridiana.it\/de\/"},{"@type":"ListItem","position":2,"name":"Datenschutz und Cookie-Politik"}]},{"@type":"WebSite","@id":"https:\/\/www.hotelfloridiana.it\/de\/#website","url":"https:\/\/www.hotelfloridiana.it\/de\/","name":"Hotel Floridiana Amalfi","description":"Your Hotel in Amalfi","publisher":{"@id":"https:\/\/www.hotelfloridiana.it\/de\/#organization"},"potentialAction":[{"@type":"SearchAction","target":{"@type":"EntryPoint","urlTemplate":"https:\/\/www.hotelfloridiana.it\/de\/?s={search_term_string}"},"query-input":{"@type":"PropertyValueSpecification","valueRequired":true,"valueName":"search_term_string"}}],"inLanguage":"de"},{"@type":"Organization","@id":"https:\/\/www.hotelfloridiana.it\/de\/#organization","name":"Hotel Floridiana Amalfi","url":"https:\/\/www.hotelfloridiana.it\/de\/","logo":{"@type":"ImageObject","inLanguage":"de","@id":"https:\/\/www.hotelfloridiana.it\/de\/#\/schema\/logo\/image\/","url":"https:\/\/www.hotelfloridiana.it\/wp-content\/uploads\/2018\/10\/hotel-floridiana-amalfi.png","contentUrl":"https:\/\/www.hotelfloridiana.it\/wp-content\/uploads\/2018\/10\/hotel-floridiana-amalfi.png","width":640,"height":190,"caption":"Hotel Floridiana Amalfi"},"image":{"@id":"https:\/\/www.hotelfloridiana.it\/de\/#\/schema\/logo\/image\/"}}]}},"_links":{"self":[{"href":"https:\/\/www.hotelfloridiana.it\/de\/wp-json\/wp\/v2\/pages\/333"}],"collection":[{"href":"https:\/\/www.hotelfloridiana.it\/de\/wp-json\/wp\/v2\/pages"}],"about":[{"href":"https:\/\/www.hotelfloridiana.it\/de\/wp-json\/wp\/v2\/types\/page"}],"author":[{"embeddable":true,"href":"https:\/\/www.hotelfloridiana.it\/de\/wp-json\/wp\/v2\/users\/1"}],"replies":[{"embeddable":true,"href":"https:\/\/www.hotelfloridiana.it\/de\/wp-json\/wp\/v2\/comments?post=333"}],"version-history":[{"count":4,"href":"https:\/\/www.hotelfloridiana.it\/de\/wp-json\/wp\/v2\/pages\/333\/revisions"}],"predecessor-version":[{"id":2727,"href":"https:\/\/www.hotelfloridiana.it\/de\/wp-json\/wp\/v2\/pages\/333\/revisions\/2727"}],"wp:attachment":[{"href":"https:\/\/www.hotelfloridiana.it\/de\/wp-json\/wp\/v2\/media?parent=333"}],"curies":[{"name":"wp","href":"https:\/\/api.w.org\/{rel}","templated":true}]}}